{"id":25132,"date":"2023-11-06T09:28:03","date_gmt":"2023-11-06T08:28:03","guid":{"rendered":"https:\/\/www.plugin-store.de\/?page_id=25132"},"modified":"2023-11-06T09:28:58","modified_gmt":"2023-11-06T08:28:58","slug":"lizenz-reset","status":"publish","type":"page","link":"https:\/\/www.plugin-store.de\/index.php\/lizenz-reset\/","title":{"rendered":"Lizenz Zur\u00fccksetzen"},"content":{"rendered":"<p>Das Zur\u00fccksetzen der Lizenz ist notwendig, wenn du deinen Server bzw. die IP-Adresse deines Servers sich ge\u00e4ndert hat. Daf\u00fcr haben wir seit Mai 2023 die M\u00f6glichkeit erschaffen, dass ihr eure Lizenzen selber zur\u00fccksetzen k\u00f6nnt. Dies ist auf 2x pro Monat\/Lizenz begrenzt, um das System nicht auszunutzen. Solltet ihr die 2 monatlichen Resets \u00fcberschreiten, k\u00f6nnt ihr euch an den Support wenden. <\/p>\n<p><strong>F\u00fcr den Lizenz-Reset musst du wie folgt vorgehen:<\/strong> <\/p>\n<p>1. Verbinde dich mit unserem Minecraft-Server: <strong>mc.plugin-store.de<\/strong><br \/>\n2. W\u00e4hle in dem <strong>Lobby-Navigator<\/strong> das Namensschild mit der Aufschrift &#8222;Lizenz zur\u00fccksetzen&#8220; aus<br \/>\n3. Nachdem du mit dem Lizenz-Reset Server verbunden worden bist, kannst du mit dem Befehl <strong>\/reset <Lizenz> <Mail vom Kauf><\/strong> deine Lizenz zur\u00fccksetzen<br \/>\n4. Sollte es zu Problemen kommen, bitten wir dich ein Ticket mit der Kategorie &#8222;Fehler auf dem Test-Server&#8220; zu erstellen<\/p>\n<hr \/>\n","protected":false},"excerpt":{"rendered":"<p>Das Zur\u00fccksetzen der Lizenz ist notwendig, wenn du deinen Server bzw. die IP-Adresse deines Servers sich ge\u00e4ndert hat. Daf\u00fcr haben wir seit Mai 2023 die M\u00f6glichkeit erschaffen, dass ihr eure Lizenzen selber zur\u00fccksetzen k\u00f6nnt. Dies ist auf 2x pro Monat\/Lizenz begrenzt, um das System nicht auszunutzen. Solltet ihr die 2 monatlichen Resets \u00fcberschreiten, k\u00f6nnt ihr&#8230;<\/p>\n","protected":false},"author":1,"featured_media":0,"parent":0,"menu_order":0,"comment_status":"closed","ping_status":"closed","template":"","meta":{"footnotes":""},"class_list":["post-25132","page","type-page","status-publish","hentry"],"yoast_head":"<!-- This site is optimized with the Yoast SEO plugin v26.7 - https:\/\/yoast.com\/wordpress\/plugins\/seo\/ -->\n<title>Lizenz Zur\u00fccksetzen - Plugin-Store.de<\/title>\n<meta name=\"robots\" content=\"index, follow, max-snippet:-1, max-image-preview:large, max-video-preview:-1\" \/>\n<link rel=\"canonical\" href=\"https:\/\/www.plugin-store.de\/index.php\/lizenz-reset\/\" \/>\n<meta property=\"og:locale\" content=\"de_DE\" \/>\n<meta property=\"og:type\" content=\"article\" \/>\n<meta property=\"og:title\" content=\"Lizenz Zur\u00fccksetzen - Plugin-Store.de\" \/>\n<meta property=\"og:description\" content=\"Das Zur\u00fccksetzen der Lizenz ist notwendig, wenn du deinen Server bzw. die IP-Adresse deines Servers sich ge\u00e4ndert hat. Daf\u00fcr haben wir seit Mai 2023 die M\u00f6glichkeit erschaffen, dass ihr eure Lizenzen selber zur\u00fccksetzen k\u00f6nnt. Dies ist auf 2x pro Monat\/Lizenz begrenzt, um das System nicht auszunutzen. Solltet ihr die 2 monatlichen Resets \u00fcberschreiten, k\u00f6nnt ihr...\" \/>\n<meta property=\"og:url\" content=\"https:\/\/www.plugin-store.de\/index.php\/lizenz-reset\/\" \/>\n<meta property=\"og:site_name\" content=\"Plugin-Store.de\" \/>\n<meta property=\"article:modified_time\" content=\"2023-11-06T08:28:58+00:00\" \/>\n<meta name=\"twitter:card\" content=\"summary_large_image\" \/>\n<meta name=\"twitter:site\" content=\"@PluginStoreDE\" \/>\n<meta name=\"twitter:label1\" content=\"Gesch\u00e4tzte Lesezeit\" \/>\n\t<meta name=\"twitter:data1\" content=\"1\u00a0Minute\" \/>\n<script type=\"application\/ld+json\" class=\"yoast-schema-graph\">{\"@context\":\"https:\/\/schema.org\",\"@graph\":[{\"@type\":\"WebPage\",\"@id\":\"https:\/\/www.plugin-store.de\/index.php\/lizenz-reset\/\",\"url\":\"https:\/\/www.plugin-store.de\/index.php\/lizenz-reset\/\",\"name\":\"Lizenz Zur\u00fccksetzen - Plugin-Store.de\",\"isPartOf\":{\"@id\":\"https:\/\/www.plugin-store.de\/#website\"},\"datePublished\":\"2023-11-06T08:28:03+00:00\",\"dateModified\":\"2023-11-06T08:28:58+00:00\",\"breadcrumb\":{\"@id\":\"https:\/\/www.plugin-store.de\/index.php\/lizenz-reset\/#breadcrumb\"},\"inLanguage\":\"de\",\"potentialAction\":[{\"@type\":\"ReadAction\",\"target\":[\"https:\/\/www.plugin-store.de\/index.php\/lizenz-reset\/\"]}]},{\"@type\":\"BreadcrumbList\",\"@id\":\"https:\/\/www.plugin-store.de\/index.php\/lizenz-reset\/#breadcrumb\",\"itemListElement\":[{\"@type\":\"ListItem\",\"position\":1,\"name\":\"Startseite\",\"item\":\"https:\/\/www.plugin-store.de\/\"},{\"@type\":\"ListItem\",\"position\":2,\"name\":\"Lizenz Zur\u00fccksetzen\"}]},{\"@type\":\"WebSite\",\"@id\":\"https:\/\/www.plugin-store.de\/#website\",\"url\":\"https:\/\/www.plugin-store.de\/\",\"name\":\"Plugin-Store.de\",\"description\":\"Professionelle Plugins f\u00fcr dein Netzwerk!\",\"publisher\":{\"@id\":\"https:\/\/www.plugin-store.de\/#organization\"},\"potentialAction\":[{\"@type\":\"SearchAction\",\"target\":{\"@type\":\"EntryPoint\",\"urlTemplate\":\"https:\/\/www.plugin-store.de\/?s={search_term_string}\"},\"query-input\":{\"@type\":\"PropertyValueSpecification\",\"valueRequired\":true,\"valueName\":\"search_term_string\"}}],\"inLanguage\":\"de\"},{\"@type\":\"Organization\",\"@id\":\"https:\/\/www.plugin-store.de\/#organization\",\"name\":\"Plugin-Store.de\",\"url\":\"https:\/\/www.plugin-store.de\/\",\"logo\":{\"@type\":\"ImageObject\",\"inLanguage\":\"de\",\"@id\":\"https:\/\/www.plugin-store.de\/#\/schema\/logo\/image\/\",\"url\":\"https:\/\/www.plugin-store.de\/wp-content\/uploads\/2019\/01\/PS-\u2013-2.png\",\"contentUrl\":\"https:\/\/www.plugin-store.de\/wp-content\/uploads\/2019\/01\/PS-\u2013-2.png\",\"width\":900,\"height\":900,\"caption\":\"Plugin-Store.de\"},\"image\":{\"@id\":\"https:\/\/www.plugin-store.de\/#\/schema\/logo\/image\/\"},\"sameAs\":[\"https:\/\/x.com\/PluginStoreDE\",\"http:\/\/xenteceu\"]}]}<\/script>\n<!-- \/ Yoast SEO plugin. -->","yoast_head_json":{"title":"Lizenz Zur\u00fccksetzen - Plugin-Store.de","robots":{"index":"index","follow":"follow","max-snippet":"max-snippet:-1","max-image-preview":"max-image-preview:large","max-video-preview":"max-video-preview:-1"},"canonical":"https:\/\/www.plugin-store.de\/index.php\/lizenz-reset\/","og_locale":"de_DE","og_type":"article","og_title":"Lizenz Zur\u00fccksetzen - Plugin-Store.de","og_description":"Das Zur\u00fccksetzen der Lizenz ist notwendig, wenn du deinen Server bzw. die IP-Adresse deines Servers sich ge\u00e4ndert hat. Daf\u00fcr haben wir seit Mai 2023 die M\u00f6glichkeit erschaffen, dass ihr eure Lizenzen selber zur\u00fccksetzen k\u00f6nnt. Dies ist auf 2x pro Monat\/Lizenz begrenzt, um das System nicht auszunutzen. Solltet ihr die 2 monatlichen Resets \u00fcberschreiten, k\u00f6nnt ihr...","og_url":"https:\/\/www.plugin-store.de\/index.php\/lizenz-reset\/","og_site_name":"Plugin-Store.de","article_modified_time":"2023-11-06T08:28:58+00:00","twitter_card":"summary_large_image","twitter_site":"@PluginStoreDE","twitter_misc":{"Gesch\u00e4tzte Lesezeit":"1\u00a0Minute"},"schema":{"@context":"https:\/\/schema.org","@graph":[{"@type":"WebPage","@id":"https:\/\/www.plugin-store.de\/index.php\/lizenz-reset\/","url":"https:\/\/www.plugin-store.de\/index.php\/lizenz-reset\/","name":"Lizenz Zur\u00fccksetzen - Plugin-Store.de","isPartOf":{"@id":"https:\/\/www.plugin-store.de\/#website"},"datePublished":"2023-11-06T08:28:03+00:00","dateModified":"2023-11-06T08:28:58+00:00","breadcrumb":{"@id":"https:\/\/www.plugin-store.de\/index.php\/lizenz-reset\/#breadcrumb"},"inLanguage":"de","potentialAction":[{"@type":"ReadAction","target":["https:\/\/www.plugin-store.de\/index.php\/lizenz-reset\/"]}]},{"@type":"BreadcrumbList","@id":"https:\/\/www.plugin-store.de\/index.php\/lizenz-reset\/#breadcrumb","itemListElement":[{"@type":"ListItem","position":1,"name":"Startseite","item":"https:\/\/www.plugin-store.de\/"},{"@type":"ListItem","position":2,"name":"Lizenz Zur\u00fccksetzen"}]},{"@type":"WebSite","@id":"https:\/\/www.plugin-store.de\/#website","url":"https:\/\/www.plugin-store.de\/","name":"Plugin-Store.de","description":"Professionelle Plugins f\u00fcr dein Netzwerk!","publisher":{"@id":"https:\/\/www.plugin-store.de\/#organization"},"potentialAction":[{"@type":"SearchAction","target":{"@type":"EntryPoint","urlTemplate":"https:\/\/www.plugin-store.de\/?s={search_term_string}"},"query-input":{"@type":"PropertyValueSpecification","valueRequired":true,"valueName":"search_term_string"}}],"inLanguage":"de"},{"@type":"Organization","@id":"https:\/\/www.plugin-store.de\/#organization","name":"Plugin-Store.de","url":"https:\/\/www.plugin-store.de\/","logo":{"@type":"ImageObject","inLanguage":"de","@id":"https:\/\/www.plugin-store.de\/#\/schema\/logo\/image\/","url":"https:\/\/www.plugin-store.de\/wp-content\/uploads\/2019\/01\/PS-\u2013-2.png","contentUrl":"https:\/\/www.plugin-store.de\/wp-content\/uploads\/2019\/01\/PS-\u2013-2.png","width":900,"height":900,"caption":"Plugin-Store.de"},"image":{"@id":"https:\/\/www.plugin-store.de\/#\/schema\/logo\/image\/"},"sameAs":["https:\/\/x.com\/PluginStoreDE","http:\/\/xenteceu"]}]}},"_links":{"self":[{"href":"https:\/\/www.plugin-store.de\/index.php\/wp-json\/wp\/v2\/pages\/25132","targetHints":{"allow":["GET"]}}],"collection":[{"href":"https:\/\/www.plugin-store.de\/index.php\/wp-json\/wp\/v2\/pages"}],"about":[{"href":"https:\/\/www.plugin-store.de\/index.php\/wp-json\/wp\/v2\/types\/page"}],"author":[{"embeddable":true,"href":"https:\/\/www.plugin-store.de\/index.php\/wp-json\/wp\/v2\/users\/1"}],"replies":[{"embeddable":true,"href":"https:\/\/www.plugin-store.de\/index.php\/wp-json\/wp\/v2\/comments?post=25132"}],"version-history":[{"count":0,"href":"https:\/\/www.plugin-store.de\/index.php\/wp-json\/wp\/v2\/pages\/25132\/revisions"}],"wp:attachment":[{"href":"https:\/\/www.plugin-store.de\/index.php\/wp-json\/wp\/v2\/media?parent=25132"}],"curies":[{"name":"wp","href":"https:\/\/api.w.org\/{rel}","templated":true}]}}