{"id":283,"date":"2018-04-23T22:19:59","date_gmt":"2018-04-23T20:19:59","guid":{"rendered":"https:\/\/plugin-store.de\/?page_id=283"},"modified":"2022-02-19T22:11:48","modified_gmt":"2022-02-19T21:11:48","slug":"imprint","status":"publish","type":"page","link":"https:\/\/www.plugin-store.de\/index.php\/imprint\/","title":{"rendered":"Impressum"},"content":{"rendered":"<h2>Impressum<\/h2>\n<p><b>Angaben gem\u00e4\u00df \u00a7 5 TMG<\/b><br \/>\nPlugin-Store.de<br \/>\nz.Hd. Hendrik Singh (Einzelunternehmer)<br \/>\nNiersheide 21<br \/>\n41749 Viersen<\/p>\n<p><b>Kontakt<\/b><br \/>\nTelefon: +49 (0) 157 3625 7433<br \/>\nE-Mail: <a href=\"mailto:admin@plugin-store.de\">admin [@] plugin-store [.] de<\/a><\/p>\n<p><b>Gewerbeanmeldung<\/b><br \/>\nDie Gewerbeanmeldung nach \u00a715 Abs. 1 GewO wurde am 22.03.2018 (Stadt Willich), ge\u00e4ndert am 13.01.2020 durch Stadt Viersen erteilt.<\/p>\n<p><b>USt.-Id-Nr<\/b><br \/>\nOhne USt. gem\u00e4\u00df \u00a719 Abs. 1 UStG (Kleinunternehmerregelung)<br \/>\nDie Steuernummer und das verantwortliche Finanzamt sind den Rechnungen zu entnehmen.<\/p>\n<p><b>Redaktionell Verantwortlicher<\/b><br \/>\nHendrik Singh<br \/>\nNiersheide 21<br \/>\n41749 Viersen<\/p>\n<p><b>EU-Streitschlichtung<\/b><br \/>\nDie Europ\u00e4ische Kommission stellt eine Plattform zur Online-Streitbeilegung (OS) bereit: <a href=\"https:\/\/ec.europa.eu\/consumers\/odr\" target=\"_blank\" rel=\"noopener noreferrer\">https:\/\/ec.europa.eu\/consumers\/odr<\/a>.<br \/>\nUnsere E-Mail-Adresse finden Sie oben im Impressum.<\/p>\n<p><b>Verbraucher\u00adstreit\u00adbeilegung\/Universal\u00adschlichtungs\u00adstelle<\/b><br \/>\nWir sind nicht bereit oder verpflichtet, an Streitbeilegungsverfahren vor einer Verbraucherschlichtungsstelle teilzunehmen.<\/p>\n<p><em><b>Haftung f\u00fcr Inhalte<\/b><\/em><br \/>\nAls Diensteanbieter sind wir gem\u00e4\u00df \u00a7 7 Abs.1 TMG f\u00fcr eigene Inhalte auf diesen Seiten nach den allgemeinen Gesetzen verantwortlich. Nach \u00a7\u00a7 8 bis 10 TMG sind wir als Diensteanbieter jedoch nicht verpflichtet, \u00fcbermittelte oder gespeicherte fremde Informationen zu \u00fcberwachen oder nach Umst\u00e4nden zu forschen, die auf eine rechtswidrige T\u00e4tigkeit hinweisen.<br \/>\nVerpflichtungen zur Entfernung oder Sperrung der Nutzung von Informationen nach den allgemeinen Gesetzen bleiben hiervon unber\u00fchrt. Eine diesbez\u00fcgliche Haftung ist jedoch erst ab dem Zeitpunkt der Kenntnis einer konkreten Rechtsverletzung m\u00f6glich. Bei Bekanntwerden von entsprechenden Rechtsverletzungen werden wir diese Inhalte umgehend entfernen.<\/p>\n<p><em><b>Haftung f\u00fcr Links<\/b><\/em><br \/>\nUnser Angebot enth\u00e4lt Links zu externen Websites Dritter, auf deren Inhalte wir keinen Einfluss haben. Deshalb k\u00f6nnen wir f\u00fcr diese fremden Inhalte auch keine Gew\u00e4hr \u00fcbernehmen. F\u00fcr die Inhalte der verlinkten Seiten ist stets der jeweilige Anbieter oder Betreiber der Seiten verantwortlich. Die verlinkten Seiten wurden zum Zeitpunkt der Verlinkung auf m\u00f6gliche Rechtsverst\u00f6\u00dfe \u00fcberpr\u00fcft. Rechtswidrige Inhalte waren zum Zeitpunkt der Verlinkung nicht erkennbar.<br \/>\nEine permanente inhaltliche Kontrolle der verlinkten Seiten ist jedoch ohne konkrete Anhaltspunkte einer Rechtsverletzung nicht zumutbar. Bei Bekanntwerden von Rechtsverletzungen werden wir derartige Links umgehend entfernen.<\/p>\n<p><em><b>Urheberrecht<\/b><\/em><br \/>\nDie durch die Seitenbetreiber erstellten Inhalte und Werke auf diesen Seiten unterliegen dem deutschen Urheberrecht. Die Vervielf\u00e4ltigung, Bearbeitung, Verbreitung und jede Art der Verwertung au\u00dferhalb der Grenzen des Urheberrechtes bed\u00fcrfen der schriftlichen Zustimmung des jeweiligen Autors bzw. Erstellers. Downloads und Kopien dieser Seite sind nur f\u00fcr den privaten, nicht kommerziellen Gebrauch gestattet.<br \/>\nSoweit die Inhalte auf dieser Seite nicht vom Betreiber erstellt wurden, werden die Urheberrechte Dritter beachtet. Insbesondere werden Inhalte Dritter als solche gekennzeichnet. Sollten Sie trotzdem auf eine Urheberrechtsverletzung aufmerksam werden, bitten wir um einen entsprechenden Hinweis. Bei Bekanntwerden von Rechtsverletzungen werden wir derartige Inhalte umgehend entfernen.<\/p>\n","protected":false},"excerpt":{"rendered":"<p>Impressum Angaben gem\u00e4\u00df \u00a7 5 TMG Plugin-Store.de z.Hd. Hendrik Singh (Einzelunternehmer) Niersheide 21 41749 Viersen Kontakt Telefon: +49 (0) 157 3625 7433 E-Mail: admin [@] plugin-store [.] de Gewerbeanmeldung Die Gewerbeanmeldung nach \u00a715 Abs. 1 GewO wurde am 22.03.2018 (Stadt Willich), ge\u00e4ndert am 13.01.2020 durch Stadt Viersen erteilt. USt.-Id-Nr Ohne USt. gem\u00e4\u00df \u00a719 Abs. 1&#8230;<\/p>\n","protected":false},"author":1,"featured_media":0,"parent":0,"menu_order":0,"comment_status":"closed","ping_status":"closed","template":"","meta":{"footnotes":""},"class_list":["post-283","page","type-page","status-publish","hentry"],"yoast_head":"<!-- This site is optimized with the Yoast SEO plugin v26.7 - https:\/\/yoast.com\/wordpress\/plugins\/seo\/ -->\n<title>Impressum - Plugin-Store.de<\/title>\n<meta name=\"description\" content=\"Hier sehen Sie unsere rechtlichen Angaben laut \u00a75 TMG.\" \/>\n<meta name=\"robots\" content=\"noindex, follow\" \/>\n<meta property=\"og:locale\" content=\"de_DE\" \/>\n<meta property=\"og:type\" content=\"article\" \/>\n<meta property=\"og:title\" content=\"Impressum - Plugin-Store.de\" \/>\n<meta property=\"og:description\" content=\"Hier sehen Sie unsere rechtlichen Angaben laut \u00a75 TMG.\" \/>\n<meta property=\"og:url\" content=\"https:\/\/www.plugin-store.de\/index.php\/imprint\/\" \/>\n<meta property=\"og:site_name\" content=\"Plugin-Store.de\" \/>\n<meta property=\"article:modified_time\" content=\"2022-02-19T21:11:48+00:00\" \/>\n<meta name=\"twitter:card\" content=\"summary_large_image\" \/>\n<meta name=\"twitter:site\" content=\"@PluginStoreDE\" \/>\n<meta name=\"twitter:label1\" content=\"Gesch\u00e4tzte Lesezeit\" \/>\n\t<meta name=\"twitter:data1\" content=\"2\u00a0Minuten\" \/>\n<script type=\"application\/ld+json\" class=\"yoast-schema-graph\">{\"@context\":\"https:\/\/schema.org\",\"@graph\":[{\"@type\":\"WebPage\",\"@id\":\"https:\/\/www.plugin-store.de\/index.php\/imprint\/\",\"url\":\"https:\/\/www.plugin-store.de\/index.php\/imprint\/\",\"name\":\"Impressum - Plugin-Store.de\",\"isPartOf\":{\"@id\":\"https:\/\/www.plugin-store.de\/#website\"},\"datePublished\":\"2018-04-23T20:19:59+00:00\",\"dateModified\":\"2022-02-19T21:11:48+00:00\",\"description\":\"Hier sehen Sie unsere rechtlichen Angaben laut \u00a75 TMG.\",\"breadcrumb\":{\"@id\":\"https:\/\/www.plugin-store.de\/index.php\/imprint\/#breadcrumb\"},\"inLanguage\":\"de\",\"potentialAction\":[{\"@type\":\"ReadAction\",\"target\":[\"https:\/\/www.plugin-store.de\/index.php\/imprint\/\"]}]},{\"@type\":\"BreadcrumbList\",\"@id\":\"https:\/\/www.plugin-store.de\/index.php\/imprint\/#breadcrumb\",\"itemListElement\":[{\"@type\":\"ListItem\",\"position\":1,\"name\":\"Startseite\",\"item\":\"https:\/\/www.plugin-store.de\/\"},{\"@type\":\"ListItem\",\"position\":2,\"name\":\"Impressum\"}]},{\"@type\":\"WebSite\",\"@id\":\"https:\/\/www.plugin-store.de\/#website\",\"url\":\"https:\/\/www.plugin-store.de\/\",\"name\":\"Plugin-Store.de\",\"description\":\"Professionelle Plugins f\u00fcr dein Netzwerk!\",\"publisher\":{\"@id\":\"https:\/\/www.plugin-store.de\/#organization\"},\"potentialAction\":[{\"@type\":\"SearchAction\",\"target\":{\"@type\":\"EntryPoint\",\"urlTemplate\":\"https:\/\/www.plugin-store.de\/?s={search_term_string}\"},\"query-input\":{\"@type\":\"PropertyValueSpecification\",\"valueRequired\":true,\"valueName\":\"search_term_string\"}}],\"inLanguage\":\"de\"},{\"@type\":\"Organization\",\"@id\":\"https:\/\/www.plugin-store.de\/#organization\",\"name\":\"Plugin-Store.de\",\"url\":\"https:\/\/www.plugin-store.de\/\",\"logo\":{\"@type\":\"ImageObject\",\"inLanguage\":\"de\",\"@id\":\"https:\/\/www.plugin-store.de\/#\/schema\/logo\/image\/\",\"url\":\"https:\/\/www.plugin-store.de\/wp-content\/uploads\/2019\/01\/PS-\u2013-2.png\",\"contentUrl\":\"https:\/\/www.plugin-store.de\/wp-content\/uploads\/2019\/01\/PS-\u2013-2.png\",\"width\":900,\"height\":900,\"caption\":\"Plugin-Store.de\"},\"image\":{\"@id\":\"https:\/\/www.plugin-store.de\/#\/schema\/logo\/image\/\"},\"sameAs\":[\"https:\/\/x.com\/PluginStoreDE\",\"http:\/\/xenteceu\"]}]}<\/script>\n<!-- \/ Yoast SEO plugin. -->","yoast_head_json":{"title":"Impressum - Plugin-Store.de","description":"Hier sehen Sie unsere rechtlichen Angaben laut \u00a75 TMG.","robots":{"index":"noindex","follow":"follow"},"og_locale":"de_DE","og_type":"article","og_title":"Impressum - Plugin-Store.de","og_description":"Hier sehen Sie unsere rechtlichen Angaben laut \u00a75 TMG.","og_url":"https:\/\/www.plugin-store.de\/index.php\/imprint\/","og_site_name":"Plugin-Store.de","article_modified_time":"2022-02-19T21:11:48+00:00","twitter_card":"summary_large_image","twitter_site":"@PluginStoreDE","twitter_misc":{"Gesch\u00e4tzte Lesezeit":"2\u00a0Minuten"},"schema":{"@context":"https:\/\/schema.org","@graph":[{"@type":"WebPage","@id":"https:\/\/www.plugin-store.de\/index.php\/imprint\/","url":"https:\/\/www.plugin-store.de\/index.php\/imprint\/","name":"Impressum - Plugin-Store.de","isPartOf":{"@id":"https:\/\/www.plugin-store.de\/#website"},"datePublished":"2018-04-23T20:19:59+00:00","dateModified":"2022-02-19T21:11:48+00:00","description":"Hier sehen Sie unsere rechtlichen Angaben laut \u00a75 TMG.","breadcrumb":{"@id":"https:\/\/www.plugin-store.de\/index.php\/imprint\/#breadcrumb"},"inLanguage":"de","potentialAction":[{"@type":"ReadAction","target":["https:\/\/www.plugin-store.de\/index.php\/imprint\/"]}]},{"@type":"BreadcrumbList","@id":"https:\/\/www.plugin-store.de\/index.php\/imprint\/#breadcrumb","itemListElement":[{"@type":"ListItem","position":1,"name":"Startseite","item":"https:\/\/www.plugin-store.de\/"},{"@type":"ListItem","position":2,"name":"Impressum"}]},{"@type":"WebSite","@id":"https:\/\/www.plugin-store.de\/#website","url":"https:\/\/www.plugin-store.de\/","name":"Plugin-Store.de","description":"Professionelle Plugins f\u00fcr dein Netzwerk!","publisher":{"@id":"https:\/\/www.plugin-store.de\/#organization"},"potentialAction":[{"@type":"SearchAction","target":{"@type":"EntryPoint","urlTemplate":"https:\/\/www.plugin-store.de\/?s={search_term_string}"},"query-input":{"@type":"PropertyValueSpecification","valueRequired":true,"valueName":"search_term_string"}}],"inLanguage":"de"},{"@type":"Organization","@id":"https:\/\/www.plugin-store.de\/#organization","name":"Plugin-Store.de","url":"https:\/\/www.plugin-store.de\/","logo":{"@type":"ImageObject","inLanguage":"de","@id":"https:\/\/www.plugin-store.de\/#\/schema\/logo\/image\/","url":"https:\/\/www.plugin-store.de\/wp-content\/uploads\/2019\/01\/PS-\u2013-2.png","contentUrl":"https:\/\/www.plugin-store.de\/wp-content\/uploads\/2019\/01\/PS-\u2013-2.png","width":900,"height":900,"caption":"Plugin-Store.de"},"image":{"@id":"https:\/\/www.plugin-store.de\/#\/schema\/logo\/image\/"},"sameAs":["https:\/\/x.com\/PluginStoreDE","http:\/\/xenteceu"]}]}},"_links":{"self":[{"href":"https:\/\/www.plugin-store.de\/index.php\/wp-json\/wp\/v2\/pages\/283","targetHints":{"allow":["GET"]}}],"collection":[{"href":"https:\/\/www.plugin-store.de\/index.php\/wp-json\/wp\/v2\/pages"}],"about":[{"href":"https:\/\/www.plugin-store.de\/index.php\/wp-json\/wp\/v2\/types\/page"}],"author":[{"embeddable":true,"href":"https:\/\/www.plugin-store.de\/index.php\/wp-json\/wp\/v2\/users\/1"}],"replies":[{"embeddable":true,"href":"https:\/\/www.plugin-store.de\/index.php\/wp-json\/wp\/v2\/comments?post=283"}],"version-history":[{"count":0,"href":"https:\/\/www.plugin-store.de\/index.php\/wp-json\/wp\/v2\/pages\/283\/revisions"}],"wp:attachment":[{"href":"https:\/\/www.plugin-store.de\/index.php\/wp-json\/wp\/v2\/media?parent=283"}],"curies":[{"name":"wp","href":"https:\/\/api.w.org\/{rel}","templated":true}]}}