{"id":206,"date":"2018-04-21T10:26:00","date_gmt":"2018-04-21T08:26:00","guid":{"rendered":"https:\/\/plugin-store.de\/?post_type=product&#038;p=206"},"modified":"2022-02-18T22:41:05","modified_gmt":"2022-02-18T21:41:05","slug":"old-bungeesystem-src","status":"publish","type":"product","link":"https:\/\/www.plugin-store.de\/index.php\/produkt\/old-bungeesystem-src\/","title":{"rendered":"BungeeSystem SourceCode"},"content":{"rendered":"","protected":false},"excerpt":{"rendered":"<p>Ein \u00e4hnliches Produkt k\u00f6nnte f\u00fcr Sie interessant sein:<br \/>\n<a href=\"https:\/\/www.plugin-store.de\/index.php\/produkt\/modularbungee\/\">https:\/\/www.plugin-store.de\/index.php\/produkt\/modularbungee\/<\/a><\/p>\n","protected":false},"featured_media":0,"comment_status":"open","ping_status":"closed","template":"","meta":[],"product_brand":[],"product_cat":[63],"product_tag":[],"class_list":{"0":"post-206","1":"product","2":"type-product","3":"status-publish","5":"product_cat-bungeecord","7":"first","8":"outofstock","9":"downloadable","10":"virtual","11":"purchasable","12":"product-type-simple"},"yoast_head":"<!-- This site is optimized with the Yoast SEO plugin v26.7 - https:\/\/yoast.com\/wordpress\/plugins\/seo\/ -->\n<title>BungeeSystem SourceCode | Plugin-Store.de - Minecraft Plugins kaufen<\/title>\n<meta name=\"description\" content=\"Dies ist der BungeeSystem SourceCode. Mit diesem Produkt k\u00f6nnen Sie das BungeeSystem einzigartig machen und individuell anpassen.\" \/>\n<meta name=\"robots\" content=\"index, follow, max-snippet:-1, max-image-preview:large, max-video-preview:-1\" \/>\n<link rel=\"canonical\" href=\"https:\/\/www.plugin-store.de\/index.php\/produkt\/old-bungeesystem-src\/\" \/>\n<meta property=\"og:locale\" content=\"de_DE\" \/>\n<meta property=\"og:type\" content=\"article\" \/>\n<meta property=\"og:title\" content=\"BungeeSystem SourceCode | Plugin-Store.de - Minecraft Plugins kaufen\" \/>\n<meta property=\"og:description\" content=\"Dies ist der BungeeSystem SourceCode. Mit diesem Produkt k\u00f6nnen Sie das BungeeSystem einzigartig machen und individuell anpassen.\" \/>\n<meta property=\"og:url\" content=\"https:\/\/www.plugin-store.de\/index.php\/produkt\/old-bungeesystem-src\/\" \/>\n<meta property=\"og:site_name\" content=\"Plugin-Store.de\" \/>\n<meta property=\"article:modified_time\" content=\"2022-02-18T21:41:05+00:00\" \/>\n<meta name=\"twitter:card\" content=\"summary_large_image\" \/>\n<meta name=\"twitter:site\" content=\"@PluginStoreDE\" \/>\n<script type=\"application\/ld+json\" class=\"yoast-schema-graph\">{\"@context\":\"https:\/\/schema.org\",\"@graph\":[{\"@type\":\"WebPage\",\"@id\":\"https:\/\/www.plugin-store.de\/index.php\/produkt\/old-bungeesystem-src\/\",\"url\":\"https:\/\/www.plugin-store.de\/index.php\/produkt\/old-bungeesystem-src\/\",\"name\":\"BungeeSystem SourceCode | Plugin-Store.de - Minecraft Plugins kaufen\",\"isPartOf\":{\"@id\":\"https:\/\/www.plugin-store.de\/#website\"},\"datePublished\":\"2018-04-21T08:26:00+00:00\",\"dateModified\":\"2022-02-18T21:41:05+00:00\",\"description\":\"Dies ist der BungeeSystem SourceCode. Mit diesem Produkt k\u00f6nnen Sie das BungeeSystem einzigartig machen und individuell anpassen.\",\"breadcrumb\":{\"@id\":\"https:\/\/www.plugin-store.de\/index.php\/produkt\/old-bungeesystem-src\/#breadcrumb\"},\"inLanguage\":\"de\",\"potentialAction\":[{\"@type\":\"ReadAction\",\"target\":[\"https:\/\/www.plugin-store.de\/index.php\/produkt\/old-bungeesystem-src\/\"]}]},{\"@type\":\"BreadcrumbList\",\"@id\":\"https:\/\/www.plugin-store.de\/index.php\/produkt\/old-bungeesystem-src\/#breadcrumb\",\"itemListElement\":[{\"@type\":\"ListItem\",\"position\":1,\"name\":\"Startseite\",\"item\":\"https:\/\/www.plugin-store.de\/\"},{\"@type\":\"ListItem\",\"position\":2,\"name\":\"Shop\",\"item\":\"https:\/\/www.plugin-store.de\/index.php\/shop\/\"},{\"@type\":\"ListItem\",\"position\":3,\"name\":\"BungeeSystem SourceCode\"}]},{\"@type\":\"WebSite\",\"@id\":\"https:\/\/www.plugin-store.de\/#website\",\"url\":\"https:\/\/www.plugin-store.de\/\",\"name\":\"Plugin-Store.de\",\"description\":\"Professionelle Plugins f\u00fcr dein Netzwerk!\",\"publisher\":{\"@id\":\"https:\/\/www.plugin-store.de\/#organization\"},\"potentialAction\":[{\"@type\":\"SearchAction\",\"target\":{\"@type\":\"EntryPoint\",\"urlTemplate\":\"https:\/\/www.plugin-store.de\/?s={search_term_string}\"},\"query-input\":{\"@type\":\"PropertyValueSpecification\",\"valueRequired\":true,\"valueName\":\"search_term_string\"}}],\"inLanguage\":\"de\"},{\"@type\":\"Organization\",\"@id\":\"https:\/\/www.plugin-store.de\/#organization\",\"name\":\"Plugin-Store.de\",\"url\":\"https:\/\/www.plugin-store.de\/\",\"logo\":{\"@type\":\"ImageObject\",\"inLanguage\":\"de\",\"@id\":\"https:\/\/www.plugin-store.de\/#\/schema\/logo\/image\/\",\"url\":\"https:\/\/www.plugin-store.de\/wp-content\/uploads\/2019\/01\/PS-\u2013-2.png\",\"contentUrl\":\"https:\/\/www.plugin-store.de\/wp-content\/uploads\/2019\/01\/PS-\u2013-2.png\",\"width\":900,\"height\":900,\"caption\":\"Plugin-Store.de\"},\"image\":{\"@id\":\"https:\/\/www.plugin-store.de\/#\/schema\/logo\/image\/\"},\"sameAs\":[\"https:\/\/x.com\/PluginStoreDE\",\"http:\/\/xenteceu\"]}]}<\/script>\n<!-- \/ Yoast SEO plugin. -->","yoast_head_json":{"title":"BungeeSystem SourceCode | Plugin-Store.de - Minecraft Plugins kaufen","description":"Dies ist der BungeeSystem SourceCode. Mit diesem Produkt k\u00f6nnen Sie das BungeeSystem einzigartig machen und individuell anpassen.","robots":{"index":"index","follow":"follow","max-snippet":"max-snippet:-1","max-image-preview":"max-image-preview:large","max-video-preview":"max-video-preview:-1"},"canonical":"https:\/\/www.plugin-store.de\/index.php\/produkt\/old-bungeesystem-src\/","og_locale":"de_DE","og_type":"article","og_title":"BungeeSystem SourceCode | Plugin-Store.de - Minecraft Plugins kaufen","og_description":"Dies ist der BungeeSystem SourceCode. Mit diesem Produkt k\u00f6nnen Sie das BungeeSystem einzigartig machen und individuell anpassen.","og_url":"https:\/\/www.plugin-store.de\/index.php\/produkt\/old-bungeesystem-src\/","og_site_name":"Plugin-Store.de","article_modified_time":"2022-02-18T21:41:05+00:00","twitter_card":"summary_large_image","twitter_site":"@PluginStoreDE","schema":{"@context":"https:\/\/schema.org","@graph":[{"@type":"WebPage","@id":"https:\/\/www.plugin-store.de\/index.php\/produkt\/old-bungeesystem-src\/","url":"https:\/\/www.plugin-store.de\/index.php\/produkt\/old-bungeesystem-src\/","name":"BungeeSystem SourceCode | Plugin-Store.de - Minecraft Plugins kaufen","isPartOf":{"@id":"https:\/\/www.plugin-store.de\/#website"},"datePublished":"2018-04-21T08:26:00+00:00","dateModified":"2022-02-18T21:41:05+00:00","description":"Dies ist der BungeeSystem SourceCode. Mit diesem Produkt k\u00f6nnen Sie das BungeeSystem einzigartig machen und individuell anpassen.","breadcrumb":{"@id":"https:\/\/www.plugin-store.de\/index.php\/produkt\/old-bungeesystem-src\/#breadcrumb"},"inLanguage":"de","potentialAction":[{"@type":"ReadAction","target":["https:\/\/www.plugin-store.de\/index.php\/produkt\/old-bungeesystem-src\/"]}]},{"@type":"BreadcrumbList","@id":"https:\/\/www.plugin-store.de\/index.php\/produkt\/old-bungeesystem-src\/#breadcrumb","itemListElement":[{"@type":"ListItem","position":1,"name":"Startseite","item":"https:\/\/www.plugin-store.de\/"},{"@type":"ListItem","position":2,"name":"Shop","item":"https:\/\/www.plugin-store.de\/index.php\/shop\/"},{"@type":"ListItem","position":3,"name":"BungeeSystem SourceCode"}]},{"@type":"WebSite","@id":"https:\/\/www.plugin-store.de\/#website","url":"https:\/\/www.plugin-store.de\/","name":"Plugin-Store.de","description":"Professionelle Plugins f\u00fcr dein Netzwerk!","publisher":{"@id":"https:\/\/www.plugin-store.de\/#organization"},"potentialAction":[{"@type":"SearchAction","target":{"@type":"EntryPoint","urlTemplate":"https:\/\/www.plugin-store.de\/?s={search_term_string}"},"query-input":{"@type":"PropertyValueSpecification","valueRequired":true,"valueName":"search_term_string"}}],"inLanguage":"de"},{"@type":"Organization","@id":"https:\/\/www.plugin-store.de\/#organization","name":"Plugin-Store.de","url":"https:\/\/www.plugin-store.de\/","logo":{"@type":"ImageObject","inLanguage":"de","@id":"https:\/\/www.plugin-store.de\/#\/schema\/logo\/image\/","url":"https:\/\/www.plugin-store.de\/wp-content\/uploads\/2019\/01\/PS-\u2013-2.png","contentUrl":"https:\/\/www.plugin-store.de\/wp-content\/uploads\/2019\/01\/PS-\u2013-2.png","width":900,"height":900,"caption":"Plugin-Store.de"},"image":{"@id":"https:\/\/www.plugin-store.de\/#\/schema\/logo\/image\/"},"sameAs":["https:\/\/x.com\/PluginStoreDE","http:\/\/xenteceu"]}]}},"_links":{"self":[{"href":"https:\/\/www.plugin-store.de\/index.php\/wp-json\/wp\/v2\/product\/206","targetHints":{"allow":["GET"]}}],"collection":[{"href":"https:\/\/www.plugin-store.de\/index.php\/wp-json\/wp\/v2\/product"}],"about":[{"href":"https:\/\/www.plugin-store.de\/index.php\/wp-json\/wp\/v2\/types\/product"}],"replies":[{"embeddable":true,"href":"https:\/\/www.plugin-store.de\/index.php\/wp-json\/wp\/v2\/comments?post=206"}],"wp:attachment":[{"href":"https:\/\/www.plugin-store.de\/index.php\/wp-json\/wp\/v2\/media?parent=206"}],"wp:term":[{"taxonomy":"product_brand","embeddable":true,"href":"https:\/\/www.plugin-store.de\/index.php\/wp-json\/wp\/v2\/product_brand?post=206"},{"taxonomy":"product_cat","embeddable":true,"href":"https:\/\/www.plugin-store.de\/index.php\/wp-json\/wp\/v2\/product_cat?post=206"},{"taxonomy":"product_tag","embeddable":true,"href":"https:\/\/www.plugin-store.de\/index.php\/wp-json\/wp\/v2\/product_tag?post=206"}],"curies":[{"name":"wp","href":"https:\/\/api.w.org\/{rel}","templated":true}]}}