{"id":23378,"date":"2021-11-19T01:10:39","date_gmt":"2021-11-19T00:10:39","guid":{"rendered":"https:\/\/www.plugin-store.de\/?post_type=product&#038;p=23378"},"modified":"2024-05-16T20:37:05","modified_gmt":"2024-05-16T18:37:05","slug":"citybuild","status":"publish","type":"product","link":"https:\/\/www.plugin-store.de\/index.php\/produkt\/citybuild\/","title":{"rendered":"CityBuild f\u00fcr 1.16.5 &#8211; 1.20.2 | mit Job-System, Admin-Shop, &#8230;"},"content":{"rendered":"<div id=\"cmsmasters_row_65p17174rm\" class=\"cmsmasters_row cmsmasters_color_scheme_default cmsmasters_row_top_default cmsmasters_row_bot_default cmsmasters_row_boxed\">\n<div class=\"cmsmasters_row_outer_parent\">\n<div class=\"cmsmasters_row_outer\">\n<div class=\"cmsmasters_row_inner\">\n<div class=\"cmsmasters_row_margin\">\n<div id=\"cmsmasters_column_ox6qbwrdli\" class=\"cmsmasters_column one_first\">\n<div class=\"cmsmasters_column_inner\"><div id=\"cmsmasters_divider_r045evvmwx\" class=\"cmsmasters_divider cmsmasters_divider_width_long cmsmasters_divider_pos_center\"><\/div>\n<div class=\"cmsmasters_text\">\n<p style=\"text-align: center;\">Aktuell ist\u00a0<strong>CityBuild<\/strong>\u00a0einer der\u00a0<strong>gefragtesten Spielmodi<\/strong>\u00a0in Minecraft. Mit diesem Plugin kommt ihr von den ganzen Standard-Plugins weg und k\u00f6nnt euren CityBuild-Server\u00a0<strong>einzigartig\u00a0<\/strong>gestalten! Das gesamte Plugin ist durch eine\u00a0<strong>gro\u00dfe Config<\/strong> editierbar. Kaufe dir jetzt das Plugin f\u00fcr die 1.16.5 \u2013 1.20.2 mit \u00fcber 60 Commands! Des Weiteren ist das Plugin mit Vault und das Scoreboard mit der PlaceholderAPI kompatibel.<\/p>\n<\/div>\n\n<div id=\"cmsmasters_divider_ftd9gcuf2n\" class=\"cmsmasters_divider cmsmasters_divider_width_long cmsmasters_divider_pos_center\"><\/div>\n<div id=\"cmsmasters_heading_tc3igxeo1l\" class=\"cmsmasters_heading_wrap cmsmasters_heading_align_left\">\n\t<h4 class=\"cmsmasters_heading\">Job System<\/h4>\n<\/div><div class=\"cmsmasters_text\">\n<p>\u00b7 Lasse deine Spieler durch Jobs Coins verdienen.<br \/>\n\u00b7 Der Job wird im\u00a0<strong>Scoreboard\u00a0<\/strong>angezeigt.<br \/>\n\u00b7 \u00dcber einen\u00a0<strong>Villager\u00a0<\/strong>kann am Spawn auf das Job-System zugegriffen werden.<\/p>\n<\/div>\n\n<div id=\"cmsmasters_divider_bo7pwvmb8m\" class=\"cmsmasters_divider cmsmasters_divider_width_long cmsmasters_divider_pos_center\"><\/div>\n<div id=\"cmsmasters_heading_w4cpear89\" class=\"cmsmasters_heading_wrap cmsmasters_heading_align_left\">\n\t<h4 class=\"cmsmasters_heading\">Shop System<\/h4>\n<\/div><div class=\"cmsmasters_text\">\n<p>\u00b7 F\u00fcge als Admin\/Owner von deinem Server\u00a0<strong>eigene Produkte<\/strong>\u00a0zu einem\u00a0<strong>Admin-Shop<\/strong>\u00a0hinzu.<br \/>\n\u00b7 \u00dcber einen\u00a0<strong>Command<\/strong>, sowie einen\u00a0<strong>Villager\u00a0<\/strong>kann der Shop ge\u00f6ffnet werden.<\/p>\n<\/div>\n\n<div id=\"cmsmasters_divider_il3z0unhlg\" class=\"cmsmasters_divider cmsmasters_divider_width_long cmsmasters_divider_pos_center\"><\/div>\n<div id=\"cmsmasters_heading_k4undr9jlh\" class=\"cmsmasters_heading_wrap cmsmasters_heading_align_left\">\n\t<h4 class=\"cmsmasters_heading\">Sehr viele Commands<\/h4>\n<\/div><div class=\"cmsmasters_text\">\n<p>\u00b7 Mit\u00a0<strong>\u00fcber 60 Commands<\/strong>\u00a0hat das System alle Commands, die man f\u00fcr einen perfekten CityBuild-Server ben\u00f6tigt.<br \/>\n\u00b7 Die Commands kannst du auf der folgenden Seite einsehen:\u00a0<a href=\"https:\/\/www.plugin-store.de\/index.php\/produkt\/citybuild-1-17-1\/#tab-commands\">Alle Commands<\/a><\/p>\n<\/div>\n\n<div id=\"cmsmasters_divider_oonafsno52\" class=\"cmsmasters_divider cmsmasters_divider_width_long cmsmasters_divider_pos_center\"><\/div>\n<div id=\"cmsmasters_heading_3q0ju33ye\" class=\"cmsmasters_heading_wrap cmsmasters_heading_align_left\">\n\t<h4 class=\"cmsmasters_heading\">Tutorial Golem<\/h4>\n<\/div><div class=\"cmsmasters_text\">\n<p>\u00b7 Durch einen Golem, den du am Spawn spawnen kannst, erhalten deine Spieler ein Inventar. Dort enthalten sind vier Items. Genaueres findest du bei den Bildern.<br \/>\n\u00b7 Das vierte Item ist ein Buch, welches man beim Klick erh\u00e4lt. Darin enthalten stehen grundlegende Infos zu CityBuild, die du in der Config ab\u00e4ndern kannst.<\/p>\n<\/div>\n\n<div id=\"cmsmasters_divider_9exoe85idl\" class=\"cmsmasters_divider cmsmasters_divider_width_long cmsmasters_divider_pos_center\"><\/div>\n<div id=\"cmsmasters_heading_999qld7ovf\" class=\"cmsmasters_heading_wrap cmsmasters_heading_align_left\">\n\t<h4 class=\"cmsmasters_heading\">Config<\/h4>\n<\/div><div class=\"cmsmasters_text\">\n<p>\u00b7 In der Config k\u00f6nnen fast\u00a0<strong>alle Namen und Nachrichten<\/strong>\u00a0ge\u00e4ndert werden. Au\u00dferdem k\u00f6nnen die Permissions und das Format f\u00fcr den Clan-Suffix dort ge\u00e4ndert werden.<\/p>\n<\/div>\n\n<div id=\"cmsmasters_divider_m8bhdxn3zx\" class=\"cmsmasters_divider cmsmasters_divider_width_long cmsmasters_divider_pos_center\"><\/div>\n<div id=\"cmsmasters_heading_mmk31belb4\" class=\"cmsmasters_heading_wrap cmsmasters_heading_align_left\">\n\t<h4 class=\"cmsmasters_heading\">Sonstige Informationen<\/h4>\n<\/div><div class=\"cmsmasters_text\">\n<p>\u00b7 Beachte, dass du pro Produkt jeweils <strong>zwei kostenlose Resets<\/strong> hast.<br \/>\n\u00b7 Lese dir vor dem Kauf ausf\u00fchrlich unsere <strong>allgemeinen Gesch\u00e4ftsbedingungen f\u00fcr Software-Produkte<\/strong> durch.<br \/>\n\u00b7 Da es in der Vergangenheit sehr viele illegale Verbreitungen unserer Plugins gab, ist in dem Plugin ein Lizenz-System integriert.<br \/>\n\u00b7 Man erh\u00e4lt nach dem Kauf eine Lizenz, die bei der ersten Aktivierung auf die Server-IP registriert wird.<br \/>\n\u00b7 Achte vor dem Kauf auf die Kompatibilit\u00e4t.<\/p>\n<\/div>\n\n<div id=\"cmsmasters_divider_dcm1a6pei\" class=\"cmsmasters_divider cmsmasters_divider_width_long cmsmasters_divider_pos_center\"><\/div>\n<div id=\"cmsmasters_heading_t0rl7v0s08\" class=\"cmsmasters_heading_wrap cmsmasters_heading_align_left\">\n\t<h4 class=\"cmsmasters_heading\">Supportm\u00f6glichkeiten<\/h4>\n<\/div><div class=\"cmsmasters_text\">\n<p>Ticket erstellen:\u00a0<a href=\"https:\/\/support.plugin-store.de\/\">support.plugin-store.de<\/a><br \/>\nCommunity-Discord: <a href=\"https:\/\/dc.plugin-store.de\/\">https:\/\/dc.plugin-store.de\/<\/a><\/p>\n<\/div>\n\n<div id=\"cmsmasters_divider_yk14c939y\" class=\"cmsmasters_divider cmsmasters_divider_width_long cmsmasters_divider_pos_center\"><\/div>\n<div class=\"cmsmasters_text\">\n<p>Es handelt sich hierbei um eine Software \/ ein Lizenz-Produkt. Es gelten die <a href=\"https:\/\/www.plugin-store.de\/index.php\/agb-software\/\">allgemeinen Gesch\u00e4ftsbedingungen f\u00fcr Software-Produkte<\/a>.<\/p>\n<\/div>\n\n<div id=\"cmsmasters_divider_wdieilb2sg\" class=\"cmsmasters_divider cmsmasters_divider_width_long cmsmasters_divider_pos_center\"><\/div>\n<\/div><\/div>\n<\/div>\n<\/div>\n<\/div>\n<\/div>\n<\/div>\n\n","protected":false},"excerpt":{"rendered":"<p>Aktuell ist <strong>CityBuild<\/strong> einer der <strong>gefragtesten Spielmodi<\/strong> in Minecraft. Mit diesem Plugin kommt ihr von den ganzen Standard-Plugins weg und k\u00f6nnt euren CityBuild-Server <strong>einzigartig <\/strong>gestalten! Das gesamte Plugin ist durch eine <strong>gro\u00dfe Config<\/strong> editierbar und nun f\u00fcr die 1.16.5 &#8211; 1.20.2 verf\u00fcgbar! Au\u00dferdem beinhaltet das Plugin \u00fcber <strong>60 Commands<\/strong>!<\/p>\n<p>Letztes Update: 09.01.2024 (V1.4.0)<br \/>\nTest-Server: mc.plugin-store.de<\/p>\n","protected":false},"featured_media":20738,"comment_status":"open","ping_status":"closed","template":"","meta":[],"product_brand":[],"product_cat":[324,85,84,321],"product_tag":[],"class_list":{"0":"post-23378","1":"product","2":"type-product","3":"status-publish","4":"has-post-thumbnail","6":"product_cat-spigot-multiversions","7":"product_cat-sale","8":"product_cat-plugins","9":"product_cat-software","11":"first","12":"instock","13":"sale","14":"downloadable","15":"virtual","16":"purchasable","17":"product-type-simple"},"yoast_head":"<!-- This site is optimized with the Yoast SEO plugin v26.7 - https:\/\/yoast.com\/wordpress\/plugins\/seo\/ -->\n<title>CityBuild Plugin f\u00fcr Spigot 1.16.5 - 1.20.2 | Plugin-Store.de<\/title>\n<meta name=\"description\" content=\"CityBuild ist ein sehr beliebtes Plugin. Ab sofort f\u00fcr die 1.16.5 bis zur 1.20.2 kompatibel! Worauf wartest du noch?\" \/>\n<meta name=\"robots\" content=\"index, follow, max-snippet:-1, max-image-preview:large, max-video-preview:-1\" \/>\n<link rel=\"canonical\" href=\"https:\/\/www.plugin-store.de\/index.php\/produkt\/citybuild\/\" \/>\n<meta property=\"og:locale\" content=\"de_DE\" \/>\n<meta property=\"og:type\" content=\"article\" \/>\n<meta property=\"og:title\" content=\"CityBuild Plugin f\u00fcr Spigot 1.16.5 - 1.20.2 | Plugin-Store.de\" \/>\n<meta property=\"og:description\" content=\"CityBuild ist ein sehr beliebtes Plugin. Ab sofort f\u00fcr die 1.16.5 bis zur 1.20.2 kompatibel! Worauf wartest du noch?\" \/>\n<meta property=\"og:url\" content=\"https:\/\/www.plugin-store.de\/index.php\/produkt\/citybuild\/\" \/>\n<meta property=\"og:site_name\" content=\"Plugin-Store.de\" \/>\n<meta property=\"article:modified_time\" content=\"2024-05-16T18:37:05+00:00\" \/>\n<meta property=\"og:image\" content=\"https:\/\/www.plugin-store.de\/wp-content\/uploads\/2020\/04\/Produktbild.jpg\" \/>\n\t<meta property=\"og:image:width\" content=\"1920\" \/>\n\t<meta property=\"og:image:height\" content=\"1017\" \/>\n\t<meta property=\"og:image:type\" content=\"image\/jpeg\" \/>\n<meta name=\"twitter:card\" content=\"summary_large_image\" \/>\n<meta name=\"twitter:site\" content=\"@PluginStoreDE\" \/>\n<meta name=\"twitter:label1\" content=\"Gesch\u00e4tzte Lesezeit\" \/>\n\t<meta name=\"twitter:data1\" content=\"4\u00a0Minuten\" \/>\n<script type=\"application\/ld+json\" class=\"yoast-schema-graph\">{\"@context\":\"https:\/\/schema.org\",\"@graph\":[{\"@type\":\"WebPage\",\"@id\":\"https:\/\/www.plugin-store.de\/index.php\/produkt\/citybuild\/\",\"url\":\"https:\/\/www.plugin-store.de\/index.php\/produkt\/citybuild\/\",\"name\":\"CityBuild Plugin f\u00fcr Spigot 1.16.5 - 1.20.2 | Plugin-Store.de\",\"isPartOf\":{\"@id\":\"https:\/\/www.plugin-store.de\/#website\"},\"primaryImageOfPage\":{\"@id\":\"https:\/\/www.plugin-store.de\/index.php\/produkt\/citybuild\/#primaryimage\"},\"image\":{\"@id\":\"https:\/\/www.plugin-store.de\/index.php\/produkt\/citybuild\/#primaryimage\"},\"thumbnailUrl\":\"https:\/\/www.plugin-store.de\/wp-content\/uploads\/2020\/04\/Produktbild.jpg\",\"datePublished\":\"2021-11-19T00:10:39+00:00\",\"dateModified\":\"2024-05-16T18:37:05+00:00\",\"description\":\"CityBuild ist ein sehr beliebtes Plugin. Ab sofort f\u00fcr die 1.16.5 bis zur 1.20.2 kompatibel! Worauf wartest du noch?\",\"breadcrumb\":{\"@id\":\"https:\/\/www.plugin-store.de\/index.php\/produkt\/citybuild\/#breadcrumb\"},\"inLanguage\":\"de\",\"potentialAction\":[{\"@type\":\"ReadAction\",\"target\":[\"https:\/\/www.plugin-store.de\/index.php\/produkt\/citybuild\/\"]}]},{\"@type\":\"ImageObject\",\"inLanguage\":\"de\",\"@id\":\"https:\/\/www.plugin-store.de\/index.php\/produkt\/citybuild\/#primaryimage\",\"url\":\"https:\/\/www.plugin-store.de\/wp-content\/uploads\/2020\/04\/Produktbild.jpg\",\"contentUrl\":\"https:\/\/www.plugin-store.de\/wp-content\/uploads\/2020\/04\/Produktbild.jpg\",\"width\":1920,\"height\":1017},{\"@type\":\"BreadcrumbList\",\"@id\":\"https:\/\/www.plugin-store.de\/index.php\/produkt\/citybuild\/#breadcrumb\",\"itemListElement\":[{\"@type\":\"ListItem\",\"position\":1,\"name\":\"Startseite\",\"item\":\"https:\/\/www.plugin-store.de\/\"},{\"@type\":\"ListItem\",\"position\":2,\"name\":\"Shop\",\"item\":\"https:\/\/www.plugin-store.de\/index.php\/shop\/\"},{\"@type\":\"ListItem\",\"position\":3,\"name\":\"CityBuild f\u00fcr 1.16.5 &#8211; 1.20.2 | mit Job-System, Admin-Shop, &#8230;\"}]},{\"@type\":\"WebSite\",\"@id\":\"https:\/\/www.plugin-store.de\/#website\",\"url\":\"https:\/\/www.plugin-store.de\/\",\"name\":\"Plugin-Store.de\",\"description\":\"Professionelle Plugins f\u00fcr dein Netzwerk!\",\"publisher\":{\"@id\":\"https:\/\/www.plugin-store.de\/#organization\"},\"potentialAction\":[{\"@type\":\"SearchAction\",\"target\":{\"@type\":\"EntryPoint\",\"urlTemplate\":\"https:\/\/www.plugin-store.de\/?s={search_term_string}\"},\"query-input\":{\"@type\":\"PropertyValueSpecification\",\"valueRequired\":true,\"valueName\":\"search_term_string\"}}],\"inLanguage\":\"de\"},{\"@type\":\"Organization\",\"@id\":\"https:\/\/www.plugin-store.de\/#organization\",\"name\":\"Plugin-Store.de\",\"url\":\"https:\/\/www.plugin-store.de\/\",\"logo\":{\"@type\":\"ImageObject\",\"inLanguage\":\"de\",\"@id\":\"https:\/\/www.plugin-store.de\/#\/schema\/logo\/image\/\",\"url\":\"https:\/\/www.plugin-store.de\/wp-content\/uploads\/2019\/01\/PS-\u2013-2.png\",\"contentUrl\":\"https:\/\/www.plugin-store.de\/wp-content\/uploads\/2019\/01\/PS-\u2013-2.png\",\"width\":900,\"height\":900,\"caption\":\"Plugin-Store.de\"},\"image\":{\"@id\":\"https:\/\/www.plugin-store.de\/#\/schema\/logo\/image\/\"},\"sameAs\":[\"https:\/\/x.com\/PluginStoreDE\",\"http:\/\/xenteceu\"]}]}<\/script>\n<!-- \/ Yoast SEO plugin. -->","yoast_head_json":{"title":"CityBuild Plugin f\u00fcr Spigot 1.16.5 - 1.20.2 | Plugin-Store.de","description":"CityBuild ist ein sehr beliebtes Plugin. Ab sofort f\u00fcr die 1.16.5 bis zur 1.20.2 kompatibel! Worauf wartest du noch?","robots":{"index":"index","follow":"follow","max-snippet":"max-snippet:-1","max-image-preview":"max-image-preview:large","max-video-preview":"max-video-preview:-1"},"canonical":"https:\/\/www.plugin-store.de\/index.php\/produkt\/citybuild\/","og_locale":"de_DE","og_type":"article","og_title":"CityBuild Plugin f\u00fcr Spigot 1.16.5 - 1.20.2 | Plugin-Store.de","og_description":"CityBuild ist ein sehr beliebtes Plugin. Ab sofort f\u00fcr die 1.16.5 bis zur 1.20.2 kompatibel! Worauf wartest du noch?","og_url":"https:\/\/www.plugin-store.de\/index.php\/produkt\/citybuild\/","og_site_name":"Plugin-Store.de","article_modified_time":"2024-05-16T18:37:05+00:00","og_image":[{"width":1920,"height":1017,"url":"https:\/\/www.plugin-store.de\/wp-content\/uploads\/2020\/04\/Produktbild.jpg","type":"image\/jpeg"}],"twitter_card":"summary_large_image","twitter_site":"@PluginStoreDE","twitter_misc":{"Gesch\u00e4tzte Lesezeit":"4\u00a0Minuten"},"schema":{"@context":"https:\/\/schema.org","@graph":[{"@type":"WebPage","@id":"https:\/\/www.plugin-store.de\/index.php\/produkt\/citybuild\/","url":"https:\/\/www.plugin-store.de\/index.php\/produkt\/citybuild\/","name":"CityBuild Plugin f\u00fcr Spigot 1.16.5 - 1.20.2 | Plugin-Store.de","isPartOf":{"@id":"https:\/\/www.plugin-store.de\/#website"},"primaryImageOfPage":{"@id":"https:\/\/www.plugin-store.de\/index.php\/produkt\/citybuild\/#primaryimage"},"image":{"@id":"https:\/\/www.plugin-store.de\/index.php\/produkt\/citybuild\/#primaryimage"},"thumbnailUrl":"https:\/\/www.plugin-store.de\/wp-content\/uploads\/2020\/04\/Produktbild.jpg","datePublished":"2021-11-19T00:10:39+00:00","dateModified":"2024-05-16T18:37:05+00:00","description":"CityBuild ist ein sehr beliebtes Plugin. Ab sofort f\u00fcr die 1.16.5 bis zur 1.20.2 kompatibel! Worauf wartest du noch?","breadcrumb":{"@id":"https:\/\/www.plugin-store.de\/index.php\/produkt\/citybuild\/#breadcrumb"},"inLanguage":"de","potentialAction":[{"@type":"ReadAction","target":["https:\/\/www.plugin-store.de\/index.php\/produkt\/citybuild\/"]}]},{"@type":"ImageObject","inLanguage":"de","@id":"https:\/\/www.plugin-store.de\/index.php\/produkt\/citybuild\/#primaryimage","url":"https:\/\/www.plugin-store.de\/wp-content\/uploads\/2020\/04\/Produktbild.jpg","contentUrl":"https:\/\/www.plugin-store.de\/wp-content\/uploads\/2020\/04\/Produktbild.jpg","width":1920,"height":1017},{"@type":"BreadcrumbList","@id":"https:\/\/www.plugin-store.de\/index.php\/produkt\/citybuild\/#breadcrumb","itemListElement":[{"@type":"ListItem","position":1,"name":"Startseite","item":"https:\/\/www.plugin-store.de\/"},{"@type":"ListItem","position":2,"name":"Shop","item":"https:\/\/www.plugin-store.de\/index.php\/shop\/"},{"@type":"ListItem","position":3,"name":"CityBuild f\u00fcr 1.16.5 &#8211; 1.20.2 | mit Job-System, Admin-Shop, &#8230;"}]},{"@type":"WebSite","@id":"https:\/\/www.plugin-store.de\/#website","url":"https:\/\/www.plugin-store.de\/","name":"Plugin-Store.de","description":"Professionelle Plugins f\u00fcr dein Netzwerk!","publisher":{"@id":"https:\/\/www.plugin-store.de\/#organization"},"potentialAction":[{"@type":"SearchAction","target":{"@type":"EntryPoint","urlTemplate":"https:\/\/www.plugin-store.de\/?s={search_term_string}"},"query-input":{"@type":"PropertyValueSpecification","valueRequired":true,"valueName":"search_term_string"}}],"inLanguage":"de"},{"@type":"Organization","@id":"https:\/\/www.plugin-store.de\/#organization","name":"Plugin-Store.de","url":"https:\/\/www.plugin-store.de\/","logo":{"@type":"ImageObject","inLanguage":"de","@id":"https:\/\/www.plugin-store.de\/#\/schema\/logo\/image\/","url":"https:\/\/www.plugin-store.de\/wp-content\/uploads\/2019\/01\/PS-\u2013-2.png","contentUrl":"https:\/\/www.plugin-store.de\/wp-content\/uploads\/2019\/01\/PS-\u2013-2.png","width":900,"height":900,"caption":"Plugin-Store.de"},"image":{"@id":"https:\/\/www.plugin-store.de\/#\/schema\/logo\/image\/"},"sameAs":["https:\/\/x.com\/PluginStoreDE","http:\/\/xenteceu"]}]}},"_links":{"self":[{"href":"https:\/\/www.plugin-store.de\/index.php\/wp-json\/wp\/v2\/product\/23378","targetHints":{"allow":["GET"]}}],"collection":[{"href":"https:\/\/www.plugin-store.de\/index.php\/wp-json\/wp\/v2\/product"}],"about":[{"href":"https:\/\/www.plugin-store.de\/index.php\/wp-json\/wp\/v2\/types\/product"}],"replies":[{"embeddable":true,"href":"https:\/\/www.plugin-store.de\/index.php\/wp-json\/wp\/v2\/comments?post=23378"}],"wp:featuredmedia":[{"embeddable":true,"href":"https:\/\/www.plugin-store.de\/index.php\/wp-json\/wp\/v2\/media\/20738"}],"wp:attachment":[{"href":"https:\/\/www.plugin-store.de\/index.php\/wp-json\/wp\/v2\/media?parent=23378"}],"wp:term":[{"taxonomy":"product_brand","embeddable":true,"href":"https:\/\/www.plugin-store.de\/index.php\/wp-json\/wp\/v2\/product_brand?post=23378"},{"taxonomy":"product_cat","embeddable":true,"href":"https:\/\/www.plugin-store.de\/index.php\/wp-json\/wp\/v2\/product_cat?post=23378"},{"taxonomy":"product_tag","embeddable":true,"href":"https:\/\/www.plugin-store.de\/index.php\/wp-json\/wp\/v2\/product_tag?post=23378"}],"curies":[{"name":"wp","href":"https:\/\/api.w.org\/{rel}","templated":true}]}}