{"id":23949,"date":"2022-01-24T10:27:45","date_gmt":"2022-01-24T09:27:45","guid":{"rendered":"https:\/\/www.plugin-store.de\/?post_type=product&#038;p=23949"},"modified":"2024-05-16T20:36:06","modified_gmt":"2024-05-16T18:36:06","slug":"lobbysystem","status":"publish","type":"product","link":"https:\/\/www.plugin-store.de\/index.php\/produkt\/lobbysystem\/","title":{"rendered":"LobbySystem f\u00fcr 1.16.5 &#8211; 1.20.2 | mit sehr vielen Extras"},"content":{"rendered":"<div id=\"cmsmasters_row_\" class=\"cmsmasters_row cmsmasters_color_scheme_default cmsmasters_row_top_default cmsmasters_row_bot_default cmsmasters_row_boxed\">\n<div class=\"cmsmasters_row_outer_parent\">\n<div class=\"cmsmasters_row_outer\">\n<div class=\"cmsmasters_row_inner\">\n<div class=\"cmsmasters_row_margin\">\n<div id=\"cmsmasters_column_\" class=\"cmsmasters_column one_first\">\n<div class=\"cmsmasters_column_inner\"><div class=\"cmsmasters_text\">\n<p>&nbsp;<\/p>\n<\/div>\n<\/div><\/div>\n<\/div>\n<\/div>\n<\/div>\n<\/div>\n<\/div>\n<div id=\"cmsmasters_row_0jxb0nxbfb\" class=\"cmsmasters_row cmsmasters_color_scheme_default cmsmasters_row_top_default cmsmasters_row_bot_default cmsmasters_row_boxed\">\n<div class=\"cmsmasters_row_outer_parent\">\n<div class=\"cmsmasters_row_outer\">\n<div class=\"cmsmasters_row_inner\">\n<div class=\"cmsmasters_row_margin\">\n<div id=\"cmsmasters_column_ox6qbwrdli\" class=\"cmsmasters_column one_first\">\n<div class=\"cmsmasters_column_inner\"><div id=\"cmsmasters_divider_ky2a132t0l\" class=\"cmsmasters_divider cmsmasters_divider_width_long cmsmasters_divider_pos_center\"><\/div>\n<div class=\"cmsmasters_embed_wrap\">\n<div class=\"BorlabsCookie\"><div class=\"_brlbs-content-blocker\"> <div class=\"_brlbs-embed _brlbs-video-youtube\"> <img decoding=\"async\" class=\"_brlbs-thumbnail\" src=\"https:\/\/www.plugin-store.de\/wp-content\/plugins\/borlabs-cookie\/assets\/images\/cb-no-thumbnail.png\" alt=\"YouTube\"> <div class=\"_brlbs-caption\"> <p>Mit dem Laden des Videos akzeptieren Sie die Datenschutzerkl\u00e4rung von YouTube.<br><a href=\"https:\/\/policies.google.com\/privacy\" target=\"_blank\" rel=\"nofollow noopener noreferrer\">Mehr erfahren<\/a><\/p> <p><a class=\"_brlbs-btn _brlbs-icon-play-white\" href=\"#\" data-borlabs-cookie-unblock role=\"button\">Video laden<\/a><\/p> <p><label><input type=\"checkbox\" name=\"unblockAll\" value=\"1\" checked> <small>YouTube immer entsperren<\/small><\/label><\/p> <\/div> <\/div> <\/div><div class=\"borlabs-hide\" data-borlabs-cookie-type=\"content-blocker\" data-borlabs-cookie-id=\"youtube\"><script type=\"text\/template\">PGlmcmFtZSB0aXRsZT0iTE9CQllTWVNURU0gZsO8ciBTcGlnb3QgMS4xNi41IC0gMS4xOC4xIHwgQUxMRVMgRUlOU1RFTExCQVIgfCBQbHVnaW4tU3RvcmUuZGUiIHdpZHRoPSIxMTYwIiBoZWlnaHQ9IjY1MyIgc3JjPSJodHRwczovL3d3dy55b3V0dWJlLW5vY29va2llLmNvbS9lbWJlZC9QR25vc182N19pOD9mZWF0dXJlPW9lbWJlZCIgZnJhbWVib3JkZXI9IjAiIGFsbG93PSJhY2NlbGVyb21ldGVyOyBhdXRvcGxheTsgY2xpcGJvYXJkLXdyaXRlOyBlbmNyeXB0ZWQtbWVkaWE7IGd5cm9zY29wZTsgcGljdHVyZS1pbi1waWN0dXJlIiBhbGxvd2Z1bGxzY3JlZW4+PC9pZnJhbWU+<\/script><\/div><\/div><\/div>\n<div id=\"cmsmasters_divider_pad4ywwfks\" class=\"cmsmasters_divider cmsmasters_divider_width_long cmsmasters_divider_pos_center\"><\/div>\n<div class=\"cmsmasters_text\">\n<p style=\"text-align: center;\">Gestalte deine Serverlobby mit beeindruckenden Designs und fesselnden Funktionen, die Spieler sofort in ihren Bann ziehen. Unser Plugin bietet eine nahtlose Integration, einfache Anpassungsm\u00f6glichkeiten und eine benutzerfreundliche Oberfl\u00e4che. Optimiere die Spielerbindung, f\u00f6rdere die Interaktion und steigere die Attraktivit\u00e4t deiner Minecraft-Welt. Hol dir noch heute das f\u00fchrende Lobby-Plugin und setze neue Ma\u00dfst\u00e4be f\u00fcr Serverqualit\u00e4t und Spielerzufriedenheit.<\/p>\n<\/div>\n\n<div id=\"cmsmasters_divider_pbw7e27jx\" class=\"cmsmasters_divider cmsmasters_divider_width_long cmsmasters_divider_pos_center\"><\/div>\n<div id=\"cmsmasters_heading_vdmygjjgn\" class=\"cmsmasters_heading_wrap cmsmasters_heading_align_left\">\n\t<h4 class=\"cmsmasters_heading\">Teleporter<\/h4>\n<\/div><div class=\"cmsmasters_text\">\n<p>\u00b7 Du kannst den gesamten Teleporter\u00a0<strong>nach deinen W\u00fcnschen\u00a0<\/strong>konfigurieren.<br \/>\n\u00b7 In der Config kannst du ebenfalls ausw\u00e4hlen, ob du direkt auf einen Server oder zu einem Warp teleportiert werden m\u00f6chtest.<br \/>\n\u00b7 Alle\u00a0<b>Items, Nachrichten und Inventar-Namen<\/b>\u00a0sind in der Config\u00a0<b>editierbar<\/b>. Ebenfalls k\u00f6nnen die T\u00f6ne in der Config deaktiviert werden.<\/p>\n<\/div>\n\n<div id=\"cmsmasters_divider_pawq1fqw5q\" class=\"cmsmasters_divider cmsmasters_divider_width_long cmsmasters_divider_pos_center\"><\/div>\n<div id=\"cmsmasters_heading_8s0jbe329d\" class=\"cmsmasters_heading_wrap cmsmasters_heading_align_left\">\n\t<h4 class=\"cmsmasters_heading\">Cosmetics<\/h4>\n<\/div><div class=\"cmsmasters_text\">\n<p>\u00b7 Du m\u00f6chtest in deiner Lobby\u00a0<strong>Partikel<\/strong>,\u00a0<strong>Ballone<\/strong>,\u00a0<strong>Gadgets\u00a0<\/strong>und\u00a0<strong>K\u00f6pfe\u00a0<\/strong>haben? Unser Lobby-Plugin beinhaltet alle diese Dinge.<br \/>\n\u00b7 Das Lobby-System hat ein eigenes Coin-System und arbeitet auch optimal mit dem\u00a0<a href=\"https:\/\/www.plugin-store.de\/index.php\/produkt\/modularbungee\/\">ModularBungee<\/a>-System zusammen.<br \/>\n\u00b7 Ebenfalls hier kann man wieder\u00a0<strong>alle T\u00f6ne, Inventar-Namen und Item-Namen einstellen<\/strong>. Teilweise sogar die Items selbst!<\/p>\n<\/div>\n\n<div id=\"cmsmasters_divider_7rvna5qeef\" class=\"cmsmasters_divider cmsmasters_divider_width_long cmsmasters_divider_pos_center\"><\/div>\n<div id=\"cmsmasters_heading_c0y4cuc4ua\" class=\"cmsmasters_heading_wrap cmsmasters_heading_align_left\">\n\t<h4 class=\"cmsmasters_heading\">Scoreboard &amp; ActionBar &amp; BossBar<\/h4>\n<\/div><div class=\"cmsmasters_text\">\n<p>\u00b7 Gestalte dein Server-Scoreboard ganz selbst! Du kannst bei dem Lobby-System das Scoreboard komplett selbst gestalten.<br \/>\n\u00b7 Au\u00dferdem kannst du dir\u00a0<strong>deinen Rang<\/strong>\u00a0(beim ModularBungee: deine\u00a0<strong>Coins<\/strong>, deinen\u00a0<strong>Clan<\/strong>, deine Freunde\u00a0und deine\u00a0Online-Zeit) im Scoreboard anzeigen lassen.<br \/>\n\u00b7 Des Weiteren hat das System eine <strong>Action-Bar<\/strong>, welche das\u00a0<strong>aktuelle Datum\u00a0und die\u00a0Uhrzeit<\/strong>\u00a0inklusive Sekunde anzeigt.<br \/>\n\u00b7 Bei der\u00a0Boss-Bar\u00a0kann man zwischen drei unterschiedlich wechselnden Nachrichten ausw\u00e4hlen. Selbstverst\u00e4ndlich ist das Feature auch deaktivierbar.<\/p>\n<\/div>\n\n<div id=\"cmsmasters_divider_k0nr8gn6h3\" class=\"cmsmasters_divider cmsmasters_divider_width_long cmsmasters_divider_pos_center\"><\/div>\n<div id=\"cmsmasters_heading_nf2p4xbh5w\" class=\"cmsmasters_heading_wrap cmsmasters_heading_align_left\">\n\t<h4 class=\"cmsmasters_heading\">Spielereinstellungen<\/h4>\n<\/div><div class=\"cmsmasters_text\">\n<p>\u00b7 Seine Spieler stellt man am Besten\u00a0<strong>zufrieden<\/strong>, indem man Ihnen einen\u00a0<strong>gro\u00dfen Freiraum<\/strong>\u00a0bietet. Daher haben wir uns \u00fcberlegt, den Spieler so viel wie m\u00f6glich selber einstellen zu lassen.<br \/>\n\u00b7 Dazu geh\u00f6rt die\u00a0<strong>Spawn-Location<\/strong>, der\u00a0<strong>Join-Title<\/strong><strong>\u00a0<\/strong>und der\u00a0<strong>Doppelsprung<\/strong>. Alle diese Dinge kann der Spieler selber \u00fcber einen Villager (Men\u00fc) einstellen.<\/p>\n<\/div>\n\n<div id=\"cmsmasters_divider_klj3utdjq3\" class=\"cmsmasters_divider cmsmasters_divider_width_long cmsmasters_divider_pos_center\"><\/div>\n<div id=\"cmsmasters_heading_y0s0yc9pyf\" class=\"cmsmasters_heading_wrap cmsmasters_heading_align_left\">\n\t<h4 class=\"cmsmasters_heading\">Spieler verstecken &amp; Silent-Lobby<\/h4>\n<\/div><div class=\"cmsmasters_text\">\n<p>\u00b7 M\u00f6chtest du lieber ein\u00a0<b>modernes Design<\/b> deines Spieler-Verstecken Inventars oder doch lieber etwas schlichtes? Entscheide selbst, welches du nutzen m\u00f6chtest!<br \/>\n\u00b7 Ebenfalls hier kannst du wieder den Inventar-Namen und alle Namen der Items \u00e4ndern.<br \/>\n\u00b7 Du m\u00f6chtest deinen Teammitgliedern und YouTubern etwas Ruhe g\u00f6nnen? Dank der <strong>Silent-Lobby<\/strong> ist dies m\u00f6glich. Die Spieler werden dadurch auf einen extra Server gesendet.<br \/>\n\u00b7 Das LobbySwitcher-Tool kann entweder in Verbindung mit unserem <a href=\"https:\/\/www.plugin-store.de\/index.php\/produkt\/lobbyswitcher\/\">LobbySwitcher (externes Plugin)<\/a> oder alternativ einfach \u00fcber einen einstellbaren Command genutzt werden.<br \/>\n\u00b7 Um den LobbySwitcher zu nutzen, muss der Befehl &#8222;\/lobbyswitch&#8220; von unserem <a href=\"https:\/\/www.plugin-store.de\/index.php\/produkt\/lobbyswitcher\/\">LobbySwitcher Plugin<\/a> in der Config eingetragen werden.<\/p>\n<\/div>\n\n<div id=\"cmsmasters_divider_n9jwbmxe6w\" class=\"cmsmasters_divider cmsmasters_divider_width_long cmsmasters_divider_pos_center\"><\/div>\n<div id=\"cmsmasters_heading_0ay838b4eb\" class=\"cmsmasters_heading_wrap cmsmasters_heading_align_left\">\n\t<h4 class=\"cmsmasters_heading\">T\u00e4gliche Belohnung &amp; Lotterie<\/h4>\n<\/div><div class=\"cmsmasters_text\">\n<p>\u00b7 Hiermit erm\u00f6glichst du es Spielern eine <strong>Belohnung<\/strong> zu geben. Premium-Spieler erhalten sogar eine extra Belohnung! Die Belohnung kannst du selbst festlegen.<br \/>\n\u00b7 Mit der <strong>Lotterie<\/strong> kannst du deinen Spielern eine gute Besch\u00e4ftigung geben. Die Preise der Lotterie-Tickets kannst du selbst in der Config festlegen.<\/p>\n<\/div>\n\n<div id=\"cmsmasters_divider_r8sj32s6n\" class=\"cmsmasters_divider cmsmasters_divider_width_long cmsmasters_divider_pos_center\"><\/div>\n<div id=\"cmsmasters_heading_pteuj6bahv\" class=\"cmsmasters_heading_wrap cmsmasters_heading_align_left\">\n\t<h4 class=\"cmsmasters_heading\">Config &amp; weitere Features<\/h4>\n<\/div><div class=\"cmsmasters_text\">\n<p>\u00b7 In der Config k\u00f6nnen fast\u00a0<strong>alle Namen und Nachrichten<\/strong> ge\u00e4ndert werden. Einige Dinge, wie die Anordnung der Hotbar oder des Teleporters k\u00f6nnen nicht editiert werden.<br \/>\n\u00b7 Lasse deine Spieler in der Lobby schneller voran kommen. Der Doppelsprung kann von jedem Spieler an- oder ausgeschaltet werden.<br \/>\n\u00b7 Eine Sprungplatte platzierst du, indem du einen Redstone-Block platzierst und darauf eine Goldplatte platzierst.<\/p>\n<\/div>\n\n<div id=\"cmsmasters_divider_mx8m1wp0n\" class=\"cmsmasters_divider cmsmasters_divider_width_long cmsmasters_divider_pos_center\"><\/div>\n<div id=\"cmsmasters_heading_5j995owyg\" class=\"cmsmasters_heading_wrap cmsmasters_heading_align_left\">\n\t<h4 class=\"cmsmasters_heading\">Sonstige Informationen<\/h4>\n<\/div><div class=\"cmsmasters_text\">\n<p>\u00b7 Beachte, dass du pro Produkt jeweils <strong>zwei kostenlose Resets pro Monat<\/strong> hast.<br \/>\n\u00b7 Lese dir vor dem Kauf ausf\u00fchrlich unsere <strong>allgemeinen Gesch\u00e4ftsbedingungen f\u00fcr Software-Produkte<\/strong> durch.<br \/>\n\u00b7 Da es in der Vergangenheit sehr viele illegale Verbreitungen unserer Plugins gab, ist in dem Plugin ein Lizenz-System integriert.<br \/>\n\u00b7 Man erh\u00e4lt nach dem Kauf eine Lizenz, die bei der ersten Aktivierung auf die Server-IP registriert wird.<br \/>\n\u00b7 Achte vor dem Kauf auf die Kompatibilit\u00e4t.<br \/>\n\u00b7 Das auf einigen Bildern zu sehende <a href=\"https:\/\/www.plugin-store.de\/index.php\/produkt\/modularbungee-addon\/\">ModularBungee Addon<\/a> ist nicht beim Kauf enthalten.<br \/>\n\u00b7 Das auf einigen Bildern zu sehende <a href=\"https:\/\/www.plugin-store.de\/index.php\/produkt\/lobbyswitcher\/\">LobbySwitcher Plugin<\/a> ist nicht beim Kauf enthalten.<\/p>\n<\/div>\n\n<div id=\"cmsmasters_divider_njmdlv7dwj\" class=\"cmsmasters_divider cmsmasters_divider_width_long cmsmasters_divider_pos_center\"><\/div>\n<div id=\"cmsmasters_heading_6txi52mmc\" class=\"cmsmasters_heading_wrap cmsmasters_heading_align_left\">\n\t<h4 class=\"cmsmasters_heading\">Supportm\u00f6glichkeiten<\/h4>\n<\/div><div class=\"cmsmasters_text\">\n<p>Ticket erstellen:\u00a0<a href=\"https:\/\/support.plugin-store.de\/\">support.plugin-store.de<\/a><br \/>\nCommunity-Discord: <a href=\"https:\/\/dc.plugin-store.de\/\">https:\/\/dc.plugin-store.de\/<\/a><\/p>\n<\/div>\n\n<div id=\"cmsmasters_divider_a5h9yz886o\" class=\"cmsmasters_divider cmsmasters_divider_width_long cmsmasters_divider_pos_center\"><\/div>\n<div class=\"cmsmasters_text\">\n<p>Es handelt sich hierbei um eine Software \/ ein Lizenz-Produkt. Es gelten die <a href=\"https:\/\/www.plugin-store.de\/index.php\/agb-software\/\">allgemeinen Gesch\u00e4ftsbedingungen f\u00fcr Software-Produkte<\/a>.<\/p>\n<p>Das Icon haben wir von <a href=\"https:\/\/hexxit.fandom.com\/wiki\/Compass?file=Compass_ig.png\">https:\/\/hexxit.fandom.com\/wiki\/Compass?file=Compass_ig.png<\/a>.<\/p>\n<\/div>\n\n<div id=\"cmsmasters_divider_yg2yujgyx8\" class=\"cmsmasters_divider cmsmasters_divider_width_long cmsmasters_divider_pos_center\"><\/div>\n<\/div><\/div>\n<\/div>\n<\/div>\n<\/div>\n<\/div>\n<\/div>\n<div id=\"cmsmasters_row_\" class=\"cmsmasters_row cmsmasters_color_scheme_default cmsmasters_row_top_default cmsmasters_row_bot_default cmsmasters_row_boxed\">\n<div class=\"cmsmasters_row_outer_parent\">\n<div class=\"cmsmasters_row_outer\">\n<div class=\"cmsmasters_row_inner\">\n<div class=\"cmsmasters_row_margin\">\n<div id=\"cmsmasters_column_\" class=\"cmsmasters_column one_first\">\n<div class=\"cmsmasters_column_inner\"><div class=\"cmsmasters_text\">\n<p>&nbsp;<\/p>\n<\/div>\n<\/div><\/div>\n<\/div>\n<\/div>\n<\/div>\n<\/div>\n<\/div>\n\n","protected":false},"excerpt":{"rendered":"<p>Gestalte deine Serverlobby mit <strong>beeindruckenden Designs<\/strong> und <strong>fesselnden Funktionen<\/strong>, die Spieler sofort in ihren Bann ziehen. Unser Plugin bietet eine <strong>nahtlose Integration<\/strong>, <strong>einfache Anpassungsm\u00f6glichkeiten<\/strong> und eine <strong>benutzerfreundliche Oberfl\u00e4che<\/strong>. Optimiere die Spielerbindung, f\u00f6rdere die Interaktion und steigere die Attraktivit\u00e4t deiner Minecraft-Welt. Hol dir noch heute das f\u00fchrende Lobby-Plugin und setze neue Ma\u00dfst\u00e4be f\u00fcr Serverqualit\u00e4t und Spielerzufriedenheit.<\/p>\n<p>Letztes Update: 09.04.2024 &#8211; V1.4.0<br \/>\nTest-Server: mc.plugin-store.de<\/p>\n","protected":false},"featured_media":25350,"comment_status":"open","ping_status":"closed","template":"","meta":[],"product_brand":[],"product_cat":[324,85,134,84,321],"product_tag":[],"class_list":{"0":"post-23949","1":"product","2":"type-product","3":"status-publish","4":"has-post-thumbnail","6":"product_cat-spigot-multiversions","7":"product_cat-sale","8":"product_cat-beliebt","9":"product_cat-plugins","10":"product_cat-software","12":"first","13":"instock","14":"sale","15":"downloadable","16":"virtual","17":"purchasable","18":"product-type-simple"},"yoast_head":"<!-- This site is optimized with the Yoast SEO plugin v26.7 - https:\/\/yoast.com\/wordpress\/plugins\/seo\/ -->\n<title>LobbySystem f\u00fcr Spigot 1.16.5 - 1.20.2 | Plugin-Store.de<\/title>\n<meta name=\"description\" content=\"Unser Lobby-Plugin bietet eine nahtlose Integration, einfache Anpassungsm\u00f6glichkeiten und eine benutzerfreundliche Oberfl\u00e4che.\" \/>\n<meta name=\"robots\" content=\"index, follow, max-snippet:-1, max-image-preview:large, max-video-preview:-1\" \/>\n<link rel=\"canonical\" href=\"https:\/\/www.plugin-store.de\/index.php\/produkt\/lobbysystem\/\" \/>\n<meta property=\"og:locale\" content=\"de_DE\" \/>\n<meta property=\"og:type\" content=\"article\" \/>\n<meta property=\"og:title\" content=\"LobbySystem f\u00fcr Spigot 1.16.5 - 1.20.2 | Plugin-Store.de\" \/>\n<meta property=\"og:description\" content=\"Unser Lobby-Plugin bietet eine nahtlose Integration, einfache Anpassungsm\u00f6glichkeiten und eine benutzerfreundliche Oberfl\u00e4che.\" \/>\n<meta property=\"og:url\" content=\"https:\/\/www.plugin-store.de\/index.php\/produkt\/lobbysystem\/\" \/>\n<meta property=\"og:site_name\" content=\"Plugin-Store.de\" \/>\n<meta property=\"article:modified_time\" content=\"2024-05-16T18:36:06+00:00\" \/>\n<meta property=\"og:image\" content=\"https:\/\/www.plugin-store.de\/wp-content\/uploads\/2022\/01\/Produktbild-1.webp\" \/>\n\t<meta property=\"og:image:width\" content=\"1920\" \/>\n\t<meta property=\"og:image:height\" content=\"1017\" \/>\n\t<meta property=\"og:image:type\" content=\"image\/webp\" \/>\n<meta name=\"twitter:card\" content=\"summary_large_image\" \/>\n<meta name=\"twitter:site\" content=\"@PluginStoreDE\" \/>\n<meta name=\"twitter:label1\" content=\"Gesch\u00e4tzte Lesezeit\" \/>\n\t<meta name=\"twitter:data1\" content=\"6\u00a0Minuten\" \/>\n<script type=\"application\/ld+json\" class=\"yoast-schema-graph\">{\"@context\":\"https:\/\/schema.org\",\"@graph\":[{\"@type\":\"WebPage\",\"@id\":\"https:\/\/www.plugin-store.de\/index.php\/produkt\/lobbysystem\/\",\"url\":\"https:\/\/www.plugin-store.de\/index.php\/produkt\/lobbysystem\/\",\"name\":\"LobbySystem f\u00fcr Spigot 1.16.5 - 1.20.2 | Plugin-Store.de\",\"isPartOf\":{\"@id\":\"https:\/\/www.plugin-store.de\/#website\"},\"primaryImageOfPage\":{\"@id\":\"https:\/\/www.plugin-store.de\/index.php\/produkt\/lobbysystem\/#primaryimage\"},\"image\":{\"@id\":\"https:\/\/www.plugin-store.de\/index.php\/produkt\/lobbysystem\/#primaryimage\"},\"thumbnailUrl\":\"https:\/\/www.plugin-store.de\/wp-content\/uploads\/2022\/01\/Produktbild-1.webp\",\"datePublished\":\"2022-01-24T09:27:45+00:00\",\"dateModified\":\"2024-05-16T18:36:06+00:00\",\"description\":\"Unser Lobby-Plugin bietet eine nahtlose Integration, einfache Anpassungsm\u00f6glichkeiten und eine benutzerfreundliche Oberfl\u00e4che.\",\"breadcrumb\":{\"@id\":\"https:\/\/www.plugin-store.de\/index.php\/produkt\/lobbysystem\/#breadcrumb\"},\"inLanguage\":\"de\",\"potentialAction\":[{\"@type\":\"ReadAction\",\"target\":[\"https:\/\/www.plugin-store.de\/index.php\/produkt\/lobbysystem\/\"]}]},{\"@type\":\"ImageObject\",\"inLanguage\":\"de\",\"@id\":\"https:\/\/www.plugin-store.de\/index.php\/produkt\/lobbysystem\/#primaryimage\",\"url\":\"https:\/\/www.plugin-store.de\/wp-content\/uploads\/2022\/01\/Produktbild-1.webp\",\"contentUrl\":\"https:\/\/www.plugin-store.de\/wp-content\/uploads\/2022\/01\/Produktbild-1.webp\",\"width\":1920,\"height\":1017},{\"@type\":\"BreadcrumbList\",\"@id\":\"https:\/\/www.plugin-store.de\/index.php\/produkt\/lobbysystem\/#breadcrumb\",\"itemListElement\":[{\"@type\":\"ListItem\",\"position\":1,\"name\":\"Startseite\",\"item\":\"https:\/\/www.plugin-store.de\/\"},{\"@type\":\"ListItem\",\"position\":2,\"name\":\"Shop\",\"item\":\"https:\/\/www.plugin-store.de\/index.php\/shop\/\"},{\"@type\":\"ListItem\",\"position\":3,\"name\":\"LobbySystem f\u00fcr 1.16.5 &#8211; 1.20.2 | mit sehr vielen Extras\"}]},{\"@type\":\"WebSite\",\"@id\":\"https:\/\/www.plugin-store.de\/#website\",\"url\":\"https:\/\/www.plugin-store.de\/\",\"name\":\"Plugin-Store.de\",\"description\":\"Professionelle Plugins f\u00fcr dein Netzwerk!\",\"publisher\":{\"@id\":\"https:\/\/www.plugin-store.de\/#organization\"},\"potentialAction\":[{\"@type\":\"SearchAction\",\"target\":{\"@type\":\"EntryPoint\",\"urlTemplate\":\"https:\/\/www.plugin-store.de\/?s={search_term_string}\"},\"query-input\":{\"@type\":\"PropertyValueSpecification\",\"valueRequired\":true,\"valueName\":\"search_term_string\"}}],\"inLanguage\":\"de\"},{\"@type\":\"Organization\",\"@id\":\"https:\/\/www.plugin-store.de\/#organization\",\"name\":\"Plugin-Store.de\",\"url\":\"https:\/\/www.plugin-store.de\/\",\"logo\":{\"@type\":\"ImageObject\",\"inLanguage\":\"de\",\"@id\":\"https:\/\/www.plugin-store.de\/#\/schema\/logo\/image\/\",\"url\":\"https:\/\/www.plugin-store.de\/wp-content\/uploads\/2019\/01\/PS-\u2013-2.png\",\"contentUrl\":\"https:\/\/www.plugin-store.de\/wp-content\/uploads\/2019\/01\/PS-\u2013-2.png\",\"width\":900,\"height\":900,\"caption\":\"Plugin-Store.de\"},\"image\":{\"@id\":\"https:\/\/www.plugin-store.de\/#\/schema\/logo\/image\/\"},\"sameAs\":[\"https:\/\/x.com\/PluginStoreDE\",\"http:\/\/xenteceu\"]}]}<\/script>\n<!-- \/ Yoast SEO plugin. -->","yoast_head_json":{"title":"LobbySystem f\u00fcr Spigot 1.16.5 - 1.20.2 | Plugin-Store.de","description":"Unser Lobby-Plugin bietet eine nahtlose Integration, einfache Anpassungsm\u00f6glichkeiten und eine benutzerfreundliche Oberfl\u00e4che.","robots":{"index":"index","follow":"follow","max-snippet":"max-snippet:-1","max-image-preview":"max-image-preview:large","max-video-preview":"max-video-preview:-1"},"canonical":"https:\/\/www.plugin-store.de\/index.php\/produkt\/lobbysystem\/","og_locale":"de_DE","og_type":"article","og_title":"LobbySystem f\u00fcr Spigot 1.16.5 - 1.20.2 | Plugin-Store.de","og_description":"Unser Lobby-Plugin bietet eine nahtlose Integration, einfache Anpassungsm\u00f6glichkeiten und eine benutzerfreundliche Oberfl\u00e4che.","og_url":"https:\/\/www.plugin-store.de\/index.php\/produkt\/lobbysystem\/","og_site_name":"Plugin-Store.de","article_modified_time":"2024-05-16T18:36:06+00:00","og_image":[{"width":1920,"height":1017,"url":"https:\/\/www.plugin-store.de\/wp-content\/uploads\/2022\/01\/Produktbild-1.webp","type":"image\/webp"}],"twitter_card":"summary_large_image","twitter_site":"@PluginStoreDE","twitter_misc":{"Gesch\u00e4tzte Lesezeit":"6\u00a0Minuten"},"schema":{"@context":"https:\/\/schema.org","@graph":[{"@type":"WebPage","@id":"https:\/\/www.plugin-store.de\/index.php\/produkt\/lobbysystem\/","url":"https:\/\/www.plugin-store.de\/index.php\/produkt\/lobbysystem\/","name":"LobbySystem f\u00fcr Spigot 1.16.5 - 1.20.2 | Plugin-Store.de","isPartOf":{"@id":"https:\/\/www.plugin-store.de\/#website"},"primaryImageOfPage":{"@id":"https:\/\/www.plugin-store.de\/index.php\/produkt\/lobbysystem\/#primaryimage"},"image":{"@id":"https:\/\/www.plugin-store.de\/index.php\/produkt\/lobbysystem\/#primaryimage"},"thumbnailUrl":"https:\/\/www.plugin-store.de\/wp-content\/uploads\/2022\/01\/Produktbild-1.webp","datePublished":"2022-01-24T09:27:45+00:00","dateModified":"2024-05-16T18:36:06+00:00","description":"Unser Lobby-Plugin bietet eine nahtlose Integration, einfache Anpassungsm\u00f6glichkeiten und eine benutzerfreundliche Oberfl\u00e4che.","breadcrumb":{"@id":"https:\/\/www.plugin-store.de\/index.php\/produkt\/lobbysystem\/#breadcrumb"},"inLanguage":"de","potentialAction":[{"@type":"ReadAction","target":["https:\/\/www.plugin-store.de\/index.php\/produkt\/lobbysystem\/"]}]},{"@type":"ImageObject","inLanguage":"de","@id":"https:\/\/www.plugin-store.de\/index.php\/produkt\/lobbysystem\/#primaryimage","url":"https:\/\/www.plugin-store.de\/wp-content\/uploads\/2022\/01\/Produktbild-1.webp","contentUrl":"https:\/\/www.plugin-store.de\/wp-content\/uploads\/2022\/01\/Produktbild-1.webp","width":1920,"height":1017},{"@type":"BreadcrumbList","@id":"https:\/\/www.plugin-store.de\/index.php\/produkt\/lobbysystem\/#breadcrumb","itemListElement":[{"@type":"ListItem","position":1,"name":"Startseite","item":"https:\/\/www.plugin-store.de\/"},{"@type":"ListItem","position":2,"name":"Shop","item":"https:\/\/www.plugin-store.de\/index.php\/shop\/"},{"@type":"ListItem","position":3,"name":"LobbySystem f\u00fcr 1.16.5 &#8211; 1.20.2 | mit sehr vielen Extras"}]},{"@type":"WebSite","@id":"https:\/\/www.plugin-store.de\/#website","url":"https:\/\/www.plugin-store.de\/","name":"Plugin-Store.de","description":"Professionelle Plugins f\u00fcr dein Netzwerk!","publisher":{"@id":"https:\/\/www.plugin-store.de\/#organization"},"potentialAction":[{"@type":"SearchAction","target":{"@type":"EntryPoint","urlTemplate":"https:\/\/www.plugin-store.de\/?s={search_term_string}"},"query-input":{"@type":"PropertyValueSpecification","valueRequired":true,"valueName":"search_term_string"}}],"inLanguage":"de"},{"@type":"Organization","@id":"https:\/\/www.plugin-store.de\/#organization","name":"Plugin-Store.de","url":"https:\/\/www.plugin-store.de\/","logo":{"@type":"ImageObject","inLanguage":"de","@id":"https:\/\/www.plugin-store.de\/#\/schema\/logo\/image\/","url":"https:\/\/www.plugin-store.de\/wp-content\/uploads\/2019\/01\/PS-\u2013-2.png","contentUrl":"https:\/\/www.plugin-store.de\/wp-content\/uploads\/2019\/01\/PS-\u2013-2.png","width":900,"height":900,"caption":"Plugin-Store.de"},"image":{"@id":"https:\/\/www.plugin-store.de\/#\/schema\/logo\/image\/"},"sameAs":["https:\/\/x.com\/PluginStoreDE","http:\/\/xenteceu"]}]}},"_links":{"self":[{"href":"https:\/\/www.plugin-store.de\/index.php\/wp-json\/wp\/v2\/product\/23949","targetHints":{"allow":["GET"]}}],"collection":[{"href":"https:\/\/www.plugin-store.de\/index.php\/wp-json\/wp\/v2\/product"}],"about":[{"href":"https:\/\/www.plugin-store.de\/index.php\/wp-json\/wp\/v2\/types\/product"}],"replies":[{"embeddable":true,"href":"https:\/\/www.plugin-store.de\/index.php\/wp-json\/wp\/v2\/comments?post=23949"}],"wp:featuredmedia":[{"embeddable":true,"href":"https:\/\/www.plugin-store.de\/index.php\/wp-json\/wp\/v2\/media\/25350"}],"wp:attachment":[{"href":"https:\/\/www.plugin-store.de\/index.php\/wp-json\/wp\/v2\/media?parent=23949"}],"wp:term":[{"taxonomy":"product_brand","embeddable":true,"href":"https:\/\/www.plugin-store.de\/index.php\/wp-json\/wp\/v2\/product_brand?post=23949"},{"taxonomy":"product_cat","embeddable":true,"href":"https:\/\/www.plugin-store.de\/index.php\/wp-json\/wp\/v2\/product_cat?post=23949"},{"taxonomy":"product_tag","embeddable":true,"href":"https:\/\/www.plugin-store.de\/index.php\/wp-json\/wp\/v2\/product_tag?post=23949"}],"curies":[{"name":"wp","href":"https:\/\/api.w.org\/{rel}","templated":true}]}}