{"id":23969,"date":"2022-01-26T01:14:20","date_gmt":"2022-01-26T00:14:20","guid":{"rendered":"https:\/\/www.plugin-store.de\/?post_type=product&#038;p=23969"},"modified":"2024-05-16T20:36:10","modified_gmt":"2024-05-16T18:36:10","slug":"bau-event-system","status":"publish","type":"product","link":"https:\/\/www.plugin-store.de\/index.php\/produkt\/bau-event-system\/","title":{"rendered":"Bau-Event System f\u00fcr 1.16.5 &#8211; 1.18.1 | Finde deine Builder!"},"content":{"rendered":"<div id=\"cmsmasters_row_1x9dfo9on7\" class=\"cmsmasters_row cmsmasters_color_scheme_default cmsmasters_row_top_default cmsmasters_row_bot_default cmsmasters_row_boxed\">\n<div class=\"cmsmasters_row_outer_parent\">\n<div class=\"cmsmasters_row_outer\">\n<div class=\"cmsmasters_row_inner\">\n<div class=\"cmsmasters_row_margin\">\n<div id=\"cmsmasters_column_ox6qbwrdli\" class=\"cmsmasters_column one_first\">\n<div class=\"cmsmasters_column_inner\"><div id=\"cmsmasters_divider_hj02ba3t8\" class=\"cmsmasters_divider cmsmasters_divider_width_long cmsmasters_divider_pos_center\"><\/div>\n<div class=\"cmsmasters_text\">\n<p style=\"text-align: center;\">Du m\u00f6chtest endlich Builder in dein Team bekommen und ihnen die M\u00f6glichkeit geben sich individuelle K\u00f6pfe zum Bauen zu geben? Au\u00dferdem m\u00f6chtest du alle Bauwerke von den Spielern sehen, die fertig sind? Dann ist das Plugin genau das Richtige f\u00fcr dich!<\/p>\n<\/div>\n\n<div id=\"cmsmasters_divider_nyxnjb0fdg\" class=\"cmsmasters_divider cmsmasters_divider_width_long cmsmasters_divider_pos_center\"><\/div>\n<div id=\"cmsmasters_heading_cgxrtyp57x\" class=\"cmsmasters_heading_wrap cmsmasters_heading_align_left\">\n\t<h4 class=\"cmsmasters_heading\">K\u00f6pfe<\/h4>\n<\/div><div class=\"cmsmasters_text\">\n<p>Die \u201cBuilder\u201d\/\u201dBewerber\u201d k\u00f6nnen ganz einfach per Command ein Inventar \u00f6ffnen, indem <strong>vorgegebene K\u00f6pfe<\/strong> sind. Diese k\u00f6nnen zum Bauen genutzt werden. Selbstverst\u00e4ndlich kann man einfach <strong>eigene K\u00f6pfe hinzuf\u00fcgen<\/strong>, daf\u00fcr muss man sich den Texture-Key von https:\/\/minecraft-heads.com\/ holen. Mehr dazu auf den Bildern.<\/p>\n<\/div>\n\n<div id=\"cmsmasters_divider_1gi2q9yld\" class=\"cmsmasters_divider cmsmasters_divider_width_long cmsmasters_divider_pos_center\"><\/div>\n<div id=\"cmsmasters_heading_tjlrq0zyz\" class=\"cmsmasters_heading_wrap cmsmasters_heading_align_left\">\n\t<h4 class=\"cmsmasters_heading\">Bauthemen<\/h4>\n<\/div><div class=\"cmsmasters_text\">\n<p>In der Config k\u00f6nnen Bauthemen eingestellt werden. Wenn der Bewerber den Befehl \/start eingibt, erh\u00e4lt er ein\u00a0<strong>zuf\u00e4lliges Thema<\/strong>. Man kann in der Config angeben, wie oft ein Spieler sein Thema zur\u00fccksetzen kann. Alternativ kann der Admin ihm ein neues Thema zuweisen.<\/p>\n<\/div>\n\n<div id=\"cmsmasters_divider_g8zmsmrb5v\" class=\"cmsmasters_divider cmsmasters_divider_width_long cmsmasters_divider_pos_center\"><\/div>\n<div id=\"cmsmasters_heading_l6zbmgoos\" class=\"cmsmasters_heading_wrap cmsmasters_heading_align_left\">\n\t<h4 class=\"cmsmasters_heading\">Admin GUI <\/h4>\n<\/div><div class=\"cmsmasters_text\">\n<p>\u00dcber ein Inventar kann man als Admin alle Spieler dort sehen, die derzeitig bauen. Ebenfalls kann man\u00a0<strong>alle Spieler sehen<\/strong>, die\u00a0<strong>fertig sind\u00a0<\/strong>und sich dann zu deren Plot teleportieren, um dieses zu bewerten.<\/p>\n<\/div>\n\n<div id=\"cmsmasters_divider_invp6w2y8\" class=\"cmsmasters_divider cmsmasters_divider_width_long cmsmasters_divider_pos_center\"><\/div>\n<div id=\"cmsmasters_heading_dsafkhex1c\" class=\"cmsmasters_heading_wrap cmsmasters_heading_align_left\">\n\t<h4 class=\"cmsmasters_heading\">Kontaktdaten des Spielers<\/h4>\n<\/div><div class=\"cmsmasters_text\">\n<p>Der Spieler muss, bevor er sein Bauwerk als Fertig kennzeichnen kann, mindestens eine Kontaktm\u00f6glichkeit angeben (<strong>Discord oder E-Mail<\/strong>). Diese kann der Admin dann in der GUI oder per Command einsehen.<\/p>\n<\/div>\n\n<div id=\"cmsmasters_divider_ec17q76g2o\" class=\"cmsmasters_divider cmsmasters_divider_width_long cmsmasters_divider_pos_center\"><\/div>\n<div id=\"cmsmasters_heading_84te640uwn\" class=\"cmsmasters_heading_wrap cmsmasters_heading_align_left\">\n\t<h4 class=\"cmsmasters_heading\">Config<\/h4>\n<\/div><div class=\"cmsmasters_text\">\n<p>In der Config k\u00f6nnen fast\u00a0<strong>alle Namen und Nachrichten<\/strong>\u00a0ge\u00e4ndert werden. Au\u00dferdem k\u00f6nnen die Permissions ge\u00e4ndert werden.<\/p>\n<\/div>\n\n<div id=\"cmsmasters_divider_bgxj0wyq5h\" class=\"cmsmasters_divider cmsmasters_divider_width_long cmsmasters_divider_pos_center\"><\/div>\n<div id=\"cmsmasters_heading_wr5jr6lptd\" class=\"cmsmasters_heading_wrap cmsmasters_heading_align_left\">\n\t<h4 class=\"cmsmasters_heading\">Sonstige Informationen<\/h4>\n<\/div><div class=\"cmsmasters_text\">\n<p>\u00b7 Beachte, dass du pro Produkt jeweils <strong>zwei kostenlose Resets<\/strong> hast.<br \/>\n\u00b7 Lese dir vor dem Kauf ausf\u00fchrlich unsere <strong>allgemeinen Gesch\u00e4ftsbedingungen f\u00fcr Software-Produkte<\/strong> durch.<br \/>\n\u00b7 Da es in der Vergangenheit sehr viele illegale Verbreitungen unserer Plugins gab, ist in dem Plugin ein Lizenz-System integriert. Man erh\u00e4lt nach dem Kauf eine Lizenz, die bei der ersten Aktivierung auf die Server-IP registriert wird.<br \/>\n\u00b7 Achte vor dem Kauf auf die Kompatibilit\u00e4t.<\/p>\n<\/div>\n\n<div id=\"cmsmasters_divider_dkw8ruhw0h\" class=\"cmsmasters_divider cmsmasters_divider_width_long cmsmasters_divider_pos_center\"><\/div>\n<div id=\"cmsmasters_heading_6kdjz526mh\" class=\"cmsmasters_heading_wrap cmsmasters_heading_align_left\">\n\t<h4 class=\"cmsmasters_heading\">Supportm\u00f6glichkeiten<\/h4>\n<\/div><div class=\"cmsmasters_text\">\n<p>Ticket erstellen: <a href=\"https:\/\/support.plugin-store.de\/\">support.plugin-store.de<\/a><br \/>\nCommunity-Discord: <a href=\"https:\/\/dc.plugin-store.de\/\">https:\/\/dc.plugin-store.de\/<\/a><\/p>\n<\/div>\n\n<div id=\"cmsmasters_divider_s2jc9n1q9a\" class=\"cmsmasters_divider cmsmasters_divider_width_long cmsmasters_divider_pos_center\"><\/div>\n<div class=\"cmsmasters_text\">\n<p>Es handelt sich hierbei um eine Software \/ ein Lizenz-Produkt. Es gelten die <a href=\"https:\/\/www.plugin-store.de\/index.php\/agb-software\/\">allgemeinen Gesch\u00e4ftsbedingungen f\u00fcr Software-Produkte<\/a>.<\/p>\n<\/div>\n\n<div id=\"cmsmasters_divider_qlm1169a3\" class=\"cmsmasters_divider cmsmasters_divider_width_long cmsmasters_divider_pos_center\"><\/div>\n<\/div><\/div>\n<\/div>\n<\/div>\n<\/div>\n<\/div>\n<\/div>\n<div id=\"cmsmasters_row_58uoqpo2gd\" class=\"cmsmasters_row cmsmasters_color_scheme_default cmsmasters_row_top_default cmsmasters_row_bot_default cmsmasters_row_boxed\">\n<div class=\"cmsmasters_row_outer_parent\">\n<div class=\"cmsmasters_row_outer\">\n<div class=\"cmsmasters_row_inner\">\n<div class=\"cmsmasters_row_margin\">\n<div id=\"cmsmasters_column_1et1nhm37h\" class=\"cmsmasters_column one_first\">\n<div class=\"cmsmasters_column_inner\"><\/div><\/div>\n<\/div>\n<\/div>\n<\/div>\n<\/div>\n<\/div>\n\n","protected":false},"excerpt":{"rendered":"<p>Du m\u00f6chtest endlich Builder in dein Team bekommen und Ihnen die M\u00f6glichkeit geben sich individuelle K\u00f6pfe zum Bauen zu geben? Au\u00dferdem m\u00f6chtest du alle Bauwerke von den Spielern sehen, die fertig sind? Dann ist das Plugin genau das Richtige f\u00fcr dich!<\/p>\n<p>Letztes Update: 1.0.2 &#8211; 16.03.2022<br \/>\nTest-Server: mc.plugin-store.de<\/p>\n","protected":false},"featured_media":20980,"comment_status":"open","ping_status":"closed","template":"","meta":[],"product_brand":[],"product_cat":[324,85,84,321,320],"product_tag":[],"class_list":{"0":"post-23969","1":"product","2":"type-product","3":"status-publish","4":"has-post-thumbnail","6":"product_cat-spigot-multiversions","7":"product_cat-sale","8":"product_cat-plugins","9":"product_cat-software","10":"product_cat-systeme","12":"first","13":"instock","14":"sale","15":"downloadable","16":"virtual","17":"purchasable","18":"product-type-simple"},"yoast_head":"<!-- This site is optimized with the Yoast SEO plugin v26.7 - https:\/\/yoast.com\/wordpress\/plugins\/seo\/ -->\n<title>Bau-Event Plugin f\u00fcr Spigot 1.16.5 - 1.18.1 | Plugin-Store.de<\/title>\n<meta name=\"description\" content=\"Mit diesem Bau Event System. erh\u00e4ltst du die M\u00f6glichkeit ganz einfach Builder f\u00fcr dein Netzwerk zu finden.\" \/>\n<meta name=\"robots\" content=\"index, follow, max-snippet:-1, max-image-preview:large, max-video-preview:-1\" \/>\n<link rel=\"canonical\" href=\"https:\/\/www.plugin-store.de\/index.php\/produkt\/bau-event-system\/\" \/>\n<meta property=\"og:locale\" content=\"de_DE\" \/>\n<meta property=\"og:type\" content=\"article\" \/>\n<meta property=\"og:title\" content=\"Bau-Event Plugin f\u00fcr Spigot 1.16.5 - 1.18.1 | Plugin-Store.de\" \/>\n<meta property=\"og:description\" content=\"Mit diesem Bau Event System. erh\u00e4ltst du die M\u00f6glichkeit ganz einfach Builder f\u00fcr dein Netzwerk zu finden.\" \/>\n<meta property=\"og:url\" content=\"https:\/\/www.plugin-store.de\/index.php\/produkt\/bau-event-system\/\" \/>\n<meta property=\"og:site_name\" content=\"Plugin-Store.de\" \/>\n<meta property=\"article:modified_time\" content=\"2024-05-16T18:36:10+00:00\" \/>\n<meta property=\"og:image\" content=\"https:\/\/www.plugin-store.de\/wp-content\/uploads\/2020\/05\/bildjpg.jpg\" \/>\n\t<meta property=\"og:image:width\" content=\"1920\" \/>\n\t<meta property=\"og:image:height\" content=\"1017\" \/>\n\t<meta property=\"og:image:type\" content=\"image\/jpeg\" \/>\n<meta name=\"twitter:card\" content=\"summary_large_image\" \/>\n<meta name=\"twitter:site\" content=\"@PluginStoreDE\" \/>\n<meta name=\"twitter:label1\" content=\"Gesch\u00e4tzte Lesezeit\" \/>\n\t<meta name=\"twitter:data1\" content=\"4\u00a0Minuten\" \/>\n<script type=\"application\/ld+json\" class=\"yoast-schema-graph\">{\"@context\":\"https:\/\/schema.org\",\"@graph\":[{\"@type\":\"WebPage\",\"@id\":\"https:\/\/www.plugin-store.de\/index.php\/produkt\/bau-event-system\/\",\"url\":\"https:\/\/www.plugin-store.de\/index.php\/produkt\/bau-event-system\/\",\"name\":\"Bau-Event Plugin f\u00fcr Spigot 1.16.5 - 1.18.1 | Plugin-Store.de\",\"isPartOf\":{\"@id\":\"https:\/\/www.plugin-store.de\/#website\"},\"primaryImageOfPage\":{\"@id\":\"https:\/\/www.plugin-store.de\/index.php\/produkt\/bau-event-system\/#primaryimage\"},\"image\":{\"@id\":\"https:\/\/www.plugin-store.de\/index.php\/produkt\/bau-event-system\/#primaryimage\"},\"thumbnailUrl\":\"https:\/\/www.plugin-store.de\/wp-content\/uploads\/2020\/05\/bildjpg.jpg\",\"datePublished\":\"2022-01-26T00:14:20+00:00\",\"dateModified\":\"2024-05-16T18:36:10+00:00\",\"description\":\"Mit diesem Bau Event System. erh\u00e4ltst du die M\u00f6glichkeit ganz einfach Builder f\u00fcr dein Netzwerk zu finden.\",\"breadcrumb\":{\"@id\":\"https:\/\/www.plugin-store.de\/index.php\/produkt\/bau-event-system\/#breadcrumb\"},\"inLanguage\":\"de\",\"potentialAction\":[{\"@type\":\"ReadAction\",\"target\":[\"https:\/\/www.plugin-store.de\/index.php\/produkt\/bau-event-system\/\"]}]},{\"@type\":\"ImageObject\",\"inLanguage\":\"de\",\"@id\":\"https:\/\/www.plugin-store.de\/index.php\/produkt\/bau-event-system\/#primaryimage\",\"url\":\"https:\/\/www.plugin-store.de\/wp-content\/uploads\/2020\/05\/bildjpg.jpg\",\"contentUrl\":\"https:\/\/www.plugin-store.de\/wp-content\/uploads\/2020\/05\/bildjpg.jpg\",\"width\":1920,\"height\":1017},{\"@type\":\"BreadcrumbList\",\"@id\":\"https:\/\/www.plugin-store.de\/index.php\/produkt\/bau-event-system\/#breadcrumb\",\"itemListElement\":[{\"@type\":\"ListItem\",\"position\":1,\"name\":\"Startseite\",\"item\":\"https:\/\/www.plugin-store.de\/\"},{\"@type\":\"ListItem\",\"position\":2,\"name\":\"Shop\",\"item\":\"https:\/\/www.plugin-store.de\/index.php\/shop\/\"},{\"@type\":\"ListItem\",\"position\":3,\"name\":\"Bau-Event System f\u00fcr 1.16.5 &#8211; 1.18.1 | Finde deine Builder!\"}]},{\"@type\":\"WebSite\",\"@id\":\"https:\/\/www.plugin-store.de\/#website\",\"url\":\"https:\/\/www.plugin-store.de\/\",\"name\":\"Plugin-Store.de\",\"description\":\"Professionelle Plugins f\u00fcr dein Netzwerk!\",\"publisher\":{\"@id\":\"https:\/\/www.plugin-store.de\/#organization\"},\"potentialAction\":[{\"@type\":\"SearchAction\",\"target\":{\"@type\":\"EntryPoint\",\"urlTemplate\":\"https:\/\/www.plugin-store.de\/?s={search_term_string}\"},\"query-input\":{\"@type\":\"PropertyValueSpecification\",\"valueRequired\":true,\"valueName\":\"search_term_string\"}}],\"inLanguage\":\"de\"},{\"@type\":\"Organization\",\"@id\":\"https:\/\/www.plugin-store.de\/#organization\",\"name\":\"Plugin-Store.de\",\"url\":\"https:\/\/www.plugin-store.de\/\",\"logo\":{\"@type\":\"ImageObject\",\"inLanguage\":\"de\",\"@id\":\"https:\/\/www.plugin-store.de\/#\/schema\/logo\/image\/\",\"url\":\"https:\/\/www.plugin-store.de\/wp-content\/uploads\/2019\/01\/PS-\u2013-2.png\",\"contentUrl\":\"https:\/\/www.plugin-store.de\/wp-content\/uploads\/2019\/01\/PS-\u2013-2.png\",\"width\":900,\"height\":900,\"caption\":\"Plugin-Store.de\"},\"image\":{\"@id\":\"https:\/\/www.plugin-store.de\/#\/schema\/logo\/image\/\"},\"sameAs\":[\"https:\/\/x.com\/PluginStoreDE\",\"http:\/\/xenteceu\"]}]}<\/script>\n<!-- \/ Yoast SEO plugin. -->","yoast_head_json":{"title":"Bau-Event Plugin f\u00fcr Spigot 1.16.5 - 1.18.1 | Plugin-Store.de","description":"Mit diesem Bau Event System. erh\u00e4ltst du die M\u00f6glichkeit ganz einfach Builder f\u00fcr dein Netzwerk zu finden.","robots":{"index":"index","follow":"follow","max-snippet":"max-snippet:-1","max-image-preview":"max-image-preview:large","max-video-preview":"max-video-preview:-1"},"canonical":"https:\/\/www.plugin-store.de\/index.php\/produkt\/bau-event-system\/","og_locale":"de_DE","og_type":"article","og_title":"Bau-Event Plugin f\u00fcr Spigot 1.16.5 - 1.18.1 | Plugin-Store.de","og_description":"Mit diesem Bau Event System. erh\u00e4ltst du die M\u00f6glichkeit ganz einfach Builder f\u00fcr dein Netzwerk zu finden.","og_url":"https:\/\/www.plugin-store.de\/index.php\/produkt\/bau-event-system\/","og_site_name":"Plugin-Store.de","article_modified_time":"2024-05-16T18:36:10+00:00","og_image":[{"width":1920,"height":1017,"url":"https:\/\/www.plugin-store.de\/wp-content\/uploads\/2020\/05\/bildjpg.jpg","type":"image\/jpeg"}],"twitter_card":"summary_large_image","twitter_site":"@PluginStoreDE","twitter_misc":{"Gesch\u00e4tzte Lesezeit":"4\u00a0Minuten"},"schema":{"@context":"https:\/\/schema.org","@graph":[{"@type":"WebPage","@id":"https:\/\/www.plugin-store.de\/index.php\/produkt\/bau-event-system\/","url":"https:\/\/www.plugin-store.de\/index.php\/produkt\/bau-event-system\/","name":"Bau-Event Plugin f\u00fcr Spigot 1.16.5 - 1.18.1 | Plugin-Store.de","isPartOf":{"@id":"https:\/\/www.plugin-store.de\/#website"},"primaryImageOfPage":{"@id":"https:\/\/www.plugin-store.de\/index.php\/produkt\/bau-event-system\/#primaryimage"},"image":{"@id":"https:\/\/www.plugin-store.de\/index.php\/produkt\/bau-event-system\/#primaryimage"},"thumbnailUrl":"https:\/\/www.plugin-store.de\/wp-content\/uploads\/2020\/05\/bildjpg.jpg","datePublished":"2022-01-26T00:14:20+00:00","dateModified":"2024-05-16T18:36:10+00:00","description":"Mit diesem Bau Event System. erh\u00e4ltst du die M\u00f6glichkeit ganz einfach Builder f\u00fcr dein Netzwerk zu finden.","breadcrumb":{"@id":"https:\/\/www.plugin-store.de\/index.php\/produkt\/bau-event-system\/#breadcrumb"},"inLanguage":"de","potentialAction":[{"@type":"ReadAction","target":["https:\/\/www.plugin-store.de\/index.php\/produkt\/bau-event-system\/"]}]},{"@type":"ImageObject","inLanguage":"de","@id":"https:\/\/www.plugin-store.de\/index.php\/produkt\/bau-event-system\/#primaryimage","url":"https:\/\/www.plugin-store.de\/wp-content\/uploads\/2020\/05\/bildjpg.jpg","contentUrl":"https:\/\/www.plugin-store.de\/wp-content\/uploads\/2020\/05\/bildjpg.jpg","width":1920,"height":1017},{"@type":"BreadcrumbList","@id":"https:\/\/www.plugin-store.de\/index.php\/produkt\/bau-event-system\/#breadcrumb","itemListElement":[{"@type":"ListItem","position":1,"name":"Startseite","item":"https:\/\/www.plugin-store.de\/"},{"@type":"ListItem","position":2,"name":"Shop","item":"https:\/\/www.plugin-store.de\/index.php\/shop\/"},{"@type":"ListItem","position":3,"name":"Bau-Event System f\u00fcr 1.16.5 &#8211; 1.18.1 | Finde deine Builder!"}]},{"@type":"WebSite","@id":"https:\/\/www.plugin-store.de\/#website","url":"https:\/\/www.plugin-store.de\/","name":"Plugin-Store.de","description":"Professionelle Plugins f\u00fcr dein Netzwerk!","publisher":{"@id":"https:\/\/www.plugin-store.de\/#organization"},"potentialAction":[{"@type":"SearchAction","target":{"@type":"EntryPoint","urlTemplate":"https:\/\/www.plugin-store.de\/?s={search_term_string}"},"query-input":{"@type":"PropertyValueSpecification","valueRequired":true,"valueName":"search_term_string"}}],"inLanguage":"de"},{"@type":"Organization","@id":"https:\/\/www.plugin-store.de\/#organization","name":"Plugin-Store.de","url":"https:\/\/www.plugin-store.de\/","logo":{"@type":"ImageObject","inLanguage":"de","@id":"https:\/\/www.plugin-store.de\/#\/schema\/logo\/image\/","url":"https:\/\/www.plugin-store.de\/wp-content\/uploads\/2019\/01\/PS-\u2013-2.png","contentUrl":"https:\/\/www.plugin-store.de\/wp-content\/uploads\/2019\/01\/PS-\u2013-2.png","width":900,"height":900,"caption":"Plugin-Store.de"},"image":{"@id":"https:\/\/www.plugin-store.de\/#\/schema\/logo\/image\/"},"sameAs":["https:\/\/x.com\/PluginStoreDE","http:\/\/xenteceu"]}]}},"_links":{"self":[{"href":"https:\/\/www.plugin-store.de\/index.php\/wp-json\/wp\/v2\/product\/23969","targetHints":{"allow":["GET"]}}],"collection":[{"href":"https:\/\/www.plugin-store.de\/index.php\/wp-json\/wp\/v2\/product"}],"about":[{"href":"https:\/\/www.plugin-store.de\/index.php\/wp-json\/wp\/v2\/types\/product"}],"replies":[{"embeddable":true,"href":"https:\/\/www.plugin-store.de\/index.php\/wp-json\/wp\/v2\/comments?post=23969"}],"wp:featuredmedia":[{"embeddable":true,"href":"https:\/\/www.plugin-store.de\/index.php\/wp-json\/wp\/v2\/media\/20980"}],"wp:attachment":[{"href":"https:\/\/www.plugin-store.de\/index.php\/wp-json\/wp\/v2\/media?parent=23969"}],"wp:term":[{"taxonomy":"product_brand","embeddable":true,"href":"https:\/\/www.plugin-store.de\/index.php\/wp-json\/wp\/v2\/product_brand?post=23969"},{"taxonomy":"product_cat","embeddable":true,"href":"https:\/\/www.plugin-store.de\/index.php\/wp-json\/wp\/v2\/product_cat?post=23969"},{"taxonomy":"product_tag","embeddable":true,"href":"https:\/\/www.plugin-store.de\/index.php\/wp-json\/wp\/v2\/product_tag?post=23969"}],"curies":[{"name":"wp","href":"https:\/\/api.w.org\/{rel}","templated":true}]}}