{"id":25136,"date":"2023-11-08T13:45:03","date_gmt":"2023-11-08T12:45:03","guid":{"rendered":"https:\/\/www.plugin-store.de\/?post_type=product&#038;p=25136"},"modified":"2024-08-14T18:44:12","modified_gmt":"2024-08-14T16:44:12","slug":"ffa","status":"publish","type":"product","link":"https:\/\/www.plugin-store.de\/index.php\/produkt\/ffa\/","title":{"rendered":"FFA f\u00fcr 1.16.5 &#8211; 1.20.4 | Eigene Kits, Map- &#038; Kit-Wechsel"},"content":{"rendered":"","protected":false},"excerpt":{"rendered":"<p>Dieses FFA Plugin beinhaltet ein Map- &amp; Kit-Wechsel-System. Es k\u00f6nnen eigene Kits erstellt werden. Maps k\u00f6nnen unendlich viele hinzugef\u00fcgt werden. Das Plugin zeichnet sich durch die vielen Einstellm\u00f6glichkeiten aus.<\/p>\n<p>Letztes Update: RELEASE<br \/>\nTest-Server: mc.plugin-store.de<\/p>\n","protected":false},"featured_media":25353,"comment_status":"open","ping_status":"closed","template":"","meta":[],"product_brand":[],"product_cat":[324,84,321],"product_tag":[],"class_list":{"0":"post-25136","1":"product","2":"type-product","3":"status-publish","4":"has-post-thumbnail","6":"product_cat-spigot-multiversions","7":"product_cat-plugins","8":"product_cat-software","10":"first","11":"instock","12":"sale","13":"downloadable","14":"virtual","15":"purchasable","16":"product-type-simple"},"yoast_head":"<!-- This site is optimized with the Yoast SEO plugin v26.7 - https:\/\/yoast.com\/wordpress\/plugins\/seo\/ -->\n<title>FFA f\u00fcr 1.16.5 - 1.20.4 | Eigene Kits, Map- &amp; Kit-Wechsel - Plugin-Store.de<\/title>\n<meta name=\"description\" content=\"Dieses FFA Plugin beinhaltet ein Map- &amp; Kit-Wechsel-System. Es k\u00f6nnen eigene Kits erstellt werden und unendlich viele Maps hinzugef\u00fcgt werden.\" \/>\n<meta name=\"robots\" content=\"index, follow, max-snippet:-1, max-image-preview:large, max-video-preview:-1\" \/>\n<link rel=\"canonical\" href=\"https:\/\/www.plugin-store.de\/index.php\/produkt\/ffa\/\" \/>\n<meta property=\"og:locale\" content=\"de_DE\" \/>\n<meta property=\"og:type\" content=\"article\" \/>\n<meta property=\"og:title\" content=\"FFA f\u00fcr 1.16.5 - 1.20.4 | Eigene Kits, Map- &amp; Kit-Wechsel - Plugin-Store.de\" \/>\n<meta property=\"og:description\" content=\"Dieses FFA Plugin beinhaltet ein Map- &amp; Kit-Wechsel-System. Es k\u00f6nnen eigene Kits erstellt werden und unendlich viele Maps hinzugef\u00fcgt werden.\" \/>\n<meta property=\"og:url\" content=\"https:\/\/www.plugin-store.de\/index.php\/produkt\/ffa\/\" \/>\n<meta property=\"og:site_name\" content=\"Plugin-Store.de\" \/>\n<meta property=\"article:modified_time\" content=\"2024-08-14T16:44:12+00:00\" \/>\n<meta property=\"og:image\" content=\"https:\/\/www.plugin-store.de\/wp-content\/uploads\/2023\/11\/Produktbild-jpg.webp\" \/>\n\t<meta property=\"og:image:width\" content=\"1920\" \/>\n\t<meta property=\"og:image:height\" content=\"1017\" \/>\n\t<meta property=\"og:image:type\" content=\"image\/jpeg\" \/>\n<meta name=\"twitter:card\" content=\"summary_large_image\" \/>\n<meta name=\"twitter:site\" content=\"@PluginStoreDE\" \/>\n<meta name=\"twitter:label1\" content=\"Gesch\u00e4tzte Lesezeit\" \/>\n\t<meta name=\"twitter:data1\" content=\"1\u00a0Minute\" \/>\n<script type=\"application\/ld+json\" class=\"yoast-schema-graph\">{\"@context\":\"https:\/\/schema.org\",\"@graph\":[{\"@type\":\"WebPage\",\"@id\":\"https:\/\/www.plugin-store.de\/index.php\/produkt\/ffa\/\",\"url\":\"https:\/\/www.plugin-store.de\/index.php\/produkt\/ffa\/\",\"name\":\"FFA f\u00fcr 1.16.5 - 1.20.4 | Eigene Kits, Map- & Kit-Wechsel - Plugin-Store.de\",\"isPartOf\":{\"@id\":\"https:\/\/www.plugin-store.de\/#website\"},\"primaryImageOfPage\":{\"@id\":\"https:\/\/www.plugin-store.de\/index.php\/produkt\/ffa\/#primaryimage\"},\"image\":{\"@id\":\"https:\/\/www.plugin-store.de\/index.php\/produkt\/ffa\/#primaryimage\"},\"thumbnailUrl\":\"https:\/\/www.plugin-store.de\/wp-content\/uploads\/2023\/11\/Produktbild-jpg.webp\",\"datePublished\":\"2023-11-08T12:45:03+00:00\",\"dateModified\":\"2024-08-14T16:44:12+00:00\",\"description\":\"Dieses FFA Plugin beinhaltet ein Map- & Kit-Wechsel-System. Es k\u00f6nnen eigene Kits erstellt werden und unendlich viele Maps hinzugef\u00fcgt werden.\",\"breadcrumb\":{\"@id\":\"https:\/\/www.plugin-store.de\/index.php\/produkt\/ffa\/#breadcrumb\"},\"inLanguage\":\"de\",\"potentialAction\":[{\"@type\":\"ReadAction\",\"target\":[\"https:\/\/www.plugin-store.de\/index.php\/produkt\/ffa\/\"]}]},{\"@type\":\"ImageObject\",\"inLanguage\":\"de\",\"@id\":\"https:\/\/www.plugin-store.de\/index.php\/produkt\/ffa\/#primaryimage\",\"url\":\"https:\/\/www.plugin-store.de\/wp-content\/uploads\/2023\/11\/Produktbild-jpg.webp\",\"contentUrl\":\"https:\/\/www.plugin-store.de\/wp-content\/uploads\/2023\/11\/Produktbild-jpg.webp\",\"width\":1920,\"height\":1017},{\"@type\":\"BreadcrumbList\",\"@id\":\"https:\/\/www.plugin-store.de\/index.php\/produkt\/ffa\/#breadcrumb\",\"itemListElement\":[{\"@type\":\"ListItem\",\"position\":1,\"name\":\"Startseite\",\"item\":\"https:\/\/www.plugin-store.de\/\"},{\"@type\":\"ListItem\",\"position\":2,\"name\":\"Shop\",\"item\":\"https:\/\/www.plugin-store.de\/index.php\/shop\/\"},{\"@type\":\"ListItem\",\"position\":3,\"name\":\"FFA f\u00fcr 1.16.5 &#8211; 1.20.4 | Eigene Kits, Map- &#038; Kit-Wechsel\"}]},{\"@type\":\"WebSite\",\"@id\":\"https:\/\/www.plugin-store.de\/#website\",\"url\":\"https:\/\/www.plugin-store.de\/\",\"name\":\"Plugin-Store.de\",\"description\":\"Professionelle Plugins f\u00fcr dein Netzwerk!\",\"publisher\":{\"@id\":\"https:\/\/www.plugin-store.de\/#organization\"},\"potentialAction\":[{\"@type\":\"SearchAction\",\"target\":{\"@type\":\"EntryPoint\",\"urlTemplate\":\"https:\/\/www.plugin-store.de\/?s={search_term_string}\"},\"query-input\":{\"@type\":\"PropertyValueSpecification\",\"valueRequired\":true,\"valueName\":\"search_term_string\"}}],\"inLanguage\":\"de\"},{\"@type\":\"Organization\",\"@id\":\"https:\/\/www.plugin-store.de\/#organization\",\"name\":\"Plugin-Store.de\",\"url\":\"https:\/\/www.plugin-store.de\/\",\"logo\":{\"@type\":\"ImageObject\",\"inLanguage\":\"de\",\"@id\":\"https:\/\/www.plugin-store.de\/#\/schema\/logo\/image\/\",\"url\":\"https:\/\/www.plugin-store.de\/wp-content\/uploads\/2019\/01\/PS-\u2013-2.png\",\"contentUrl\":\"https:\/\/www.plugin-store.de\/wp-content\/uploads\/2019\/01\/PS-\u2013-2.png\",\"width\":900,\"height\":900,\"caption\":\"Plugin-Store.de\"},\"image\":{\"@id\":\"https:\/\/www.plugin-store.de\/#\/schema\/logo\/image\/\"},\"sameAs\":[\"https:\/\/x.com\/PluginStoreDE\",\"http:\/\/xenteceu\"]}]}<\/script>\n<!-- \/ Yoast SEO plugin. -->","yoast_head_json":{"title":"FFA f\u00fcr 1.16.5 - 1.20.4 | Eigene Kits, Map- & Kit-Wechsel - Plugin-Store.de","description":"Dieses FFA Plugin beinhaltet ein Map- & Kit-Wechsel-System. Es k\u00f6nnen eigene Kits erstellt werden und unendlich viele Maps hinzugef\u00fcgt werden.","robots":{"index":"index","follow":"follow","max-snippet":"max-snippet:-1","max-image-preview":"max-image-preview:large","max-video-preview":"max-video-preview:-1"},"canonical":"https:\/\/www.plugin-store.de\/index.php\/produkt\/ffa\/","og_locale":"de_DE","og_type":"article","og_title":"FFA f\u00fcr 1.16.5 - 1.20.4 | Eigene Kits, Map- & Kit-Wechsel - Plugin-Store.de","og_description":"Dieses FFA Plugin beinhaltet ein Map- & Kit-Wechsel-System. Es k\u00f6nnen eigene Kits erstellt werden und unendlich viele Maps hinzugef\u00fcgt werden.","og_url":"https:\/\/www.plugin-store.de\/index.php\/produkt\/ffa\/","og_site_name":"Plugin-Store.de","article_modified_time":"2024-08-14T16:44:12+00:00","og_image":[{"width":1920,"height":1017,"url":"https:\/\/www.plugin-store.de\/wp-content\/uploads\/2023\/11\/Produktbild-jpg.webp","type":"image\/jpeg"}],"twitter_card":"summary_large_image","twitter_site":"@PluginStoreDE","twitter_misc":{"Gesch\u00e4tzte Lesezeit":"1\u00a0Minute"},"schema":{"@context":"https:\/\/schema.org","@graph":[{"@type":"WebPage","@id":"https:\/\/www.plugin-store.de\/index.php\/produkt\/ffa\/","url":"https:\/\/www.plugin-store.de\/index.php\/produkt\/ffa\/","name":"FFA f\u00fcr 1.16.5 - 1.20.4 | Eigene Kits, Map- & Kit-Wechsel - Plugin-Store.de","isPartOf":{"@id":"https:\/\/www.plugin-store.de\/#website"},"primaryImageOfPage":{"@id":"https:\/\/www.plugin-store.de\/index.php\/produkt\/ffa\/#primaryimage"},"image":{"@id":"https:\/\/www.plugin-store.de\/index.php\/produkt\/ffa\/#primaryimage"},"thumbnailUrl":"https:\/\/www.plugin-store.de\/wp-content\/uploads\/2023\/11\/Produktbild-jpg.webp","datePublished":"2023-11-08T12:45:03+00:00","dateModified":"2024-08-14T16:44:12+00:00","description":"Dieses FFA Plugin beinhaltet ein Map- & Kit-Wechsel-System. Es k\u00f6nnen eigene Kits erstellt werden und unendlich viele Maps hinzugef\u00fcgt werden.","breadcrumb":{"@id":"https:\/\/www.plugin-store.de\/index.php\/produkt\/ffa\/#breadcrumb"},"inLanguage":"de","potentialAction":[{"@type":"ReadAction","target":["https:\/\/www.plugin-store.de\/index.php\/produkt\/ffa\/"]}]},{"@type":"ImageObject","inLanguage":"de","@id":"https:\/\/www.plugin-store.de\/index.php\/produkt\/ffa\/#primaryimage","url":"https:\/\/www.plugin-store.de\/wp-content\/uploads\/2023\/11\/Produktbild-jpg.webp","contentUrl":"https:\/\/www.plugin-store.de\/wp-content\/uploads\/2023\/11\/Produktbild-jpg.webp","width":1920,"height":1017},{"@type":"BreadcrumbList","@id":"https:\/\/www.plugin-store.de\/index.php\/produkt\/ffa\/#breadcrumb","itemListElement":[{"@type":"ListItem","position":1,"name":"Startseite","item":"https:\/\/www.plugin-store.de\/"},{"@type":"ListItem","position":2,"name":"Shop","item":"https:\/\/www.plugin-store.de\/index.php\/shop\/"},{"@type":"ListItem","position":3,"name":"FFA f\u00fcr 1.16.5 &#8211; 1.20.4 | Eigene Kits, Map- &#038; Kit-Wechsel"}]},{"@type":"WebSite","@id":"https:\/\/www.plugin-store.de\/#website","url":"https:\/\/www.plugin-store.de\/","name":"Plugin-Store.de","description":"Professionelle Plugins f\u00fcr dein Netzwerk!","publisher":{"@id":"https:\/\/www.plugin-store.de\/#organization"},"potentialAction":[{"@type":"SearchAction","target":{"@type":"EntryPoint","urlTemplate":"https:\/\/www.plugin-store.de\/?s={search_term_string}"},"query-input":{"@type":"PropertyValueSpecification","valueRequired":true,"valueName":"search_term_string"}}],"inLanguage":"de"},{"@type":"Organization","@id":"https:\/\/www.plugin-store.de\/#organization","name":"Plugin-Store.de","url":"https:\/\/www.plugin-store.de\/","logo":{"@type":"ImageObject","inLanguage":"de","@id":"https:\/\/www.plugin-store.de\/#\/schema\/logo\/image\/","url":"https:\/\/www.plugin-store.de\/wp-content\/uploads\/2019\/01\/PS-\u2013-2.png","contentUrl":"https:\/\/www.plugin-store.de\/wp-content\/uploads\/2019\/01\/PS-\u2013-2.png","width":900,"height":900,"caption":"Plugin-Store.de"},"image":{"@id":"https:\/\/www.plugin-store.de\/#\/schema\/logo\/image\/"},"sameAs":["https:\/\/x.com\/PluginStoreDE","http:\/\/xenteceu"]}]}},"_links":{"self":[{"href":"https:\/\/www.plugin-store.de\/index.php\/wp-json\/wp\/v2\/product\/25136","targetHints":{"allow":["GET"]}}],"collection":[{"href":"https:\/\/www.plugin-store.de\/index.php\/wp-json\/wp\/v2\/product"}],"about":[{"href":"https:\/\/www.plugin-store.de\/index.php\/wp-json\/wp\/v2\/types\/product"}],"replies":[{"embeddable":true,"href":"https:\/\/www.plugin-store.de\/index.php\/wp-json\/wp\/v2\/comments?post=25136"}],"wp:featuredmedia":[{"embeddable":true,"href":"https:\/\/www.plugin-store.de\/index.php\/wp-json\/wp\/v2\/media\/25353"}],"wp:attachment":[{"href":"https:\/\/www.plugin-store.de\/index.php\/wp-json\/wp\/v2\/media?parent=25136"}],"wp:term":[{"taxonomy":"product_brand","embeddable":true,"href":"https:\/\/www.plugin-store.de\/index.php\/wp-json\/wp\/v2\/product_brand?post=25136"},{"taxonomy":"product_cat","embeddable":true,"href":"https:\/\/www.plugin-store.de\/index.php\/wp-json\/wp\/v2\/product_cat?post=25136"},{"taxonomy":"product_tag","embeddable":true,"href":"https:\/\/www.plugin-store.de\/index.php\/wp-json\/wp\/v2\/product_tag?post=25136"}],"curies":[{"name":"wp","href":"https:\/\/api.w.org\/{rel}","templated":true}]}}