{"id":25321,"date":"2024-03-24T20:06:17","date_gmt":"2024-03-24T19:06:17","guid":{"rendered":"https:\/\/www.plugin-store.de\/?post_type=product&#038;p=25321"},"modified":"2024-05-16T20:34:21","modified_gmt":"2024-05-16T18:34:21","slug":"lobbyswitcher","status":"publish","type":"product","link":"https:\/\/www.plugin-store.de\/index.php\/produkt\/lobbyswitcher\/","title":{"rendered":"LobbySwitcher f\u00fcr 1.16.5 &#8211; 1.20.2 | mit sehr vielen Einstellungen"},"content":{"rendered":"<div id=\"cmsmasters_row_\" class=\"cmsmasters_row cmsmasters_color_scheme_default cmsmasters_row_top_default cmsmasters_row_bot_default cmsmasters_row_boxed\">\n<div class=\"cmsmasters_row_outer_parent\">\n<div class=\"cmsmasters_row_outer\">\n<div class=\"cmsmasters_row_inner\">\n<div class=\"cmsmasters_row_margin\">\n<div id=\"cmsmasters_column_\" class=\"cmsmasters_column one_first\">\n<div class=\"cmsmasters_column_inner\"><div class=\"cmsmasters_text\">\n<p>&nbsp;<\/p>\n<\/div>\n<\/div><\/div>\n<\/div>\n<\/div>\n<\/div>\n<\/div>\n<\/div>\n<div id=\"cmsmasters_row_0jxb0nxbfb\" class=\"cmsmasters_row cmsmasters_color_scheme_default cmsmasters_row_top_default cmsmasters_row_bot_default cmsmasters_row_boxed\">\n<div class=\"cmsmasters_row_outer_parent\">\n<div class=\"cmsmasters_row_outer\">\n<div class=\"cmsmasters_row_inner\">\n<div class=\"cmsmasters_row_margin\">\n<div id=\"cmsmasters_column_ox6qbwrdli\" class=\"cmsmasters_column one_first\">\n<div class=\"cmsmasters_column_inner\"><div id=\"cmsmasters_divider_pad4ywwfks\" class=\"cmsmasters_divider cmsmasters_divider_width_long cmsmasters_divider_pos_center\"><\/div>\n<div class=\"cmsmasters_text\">\n<p style=\"text-align: center;\">Das LobbySwitcher Plugin bietet eine einfache und effektive M\u00f6glichkeit, verschiedene Lobbyserver nahtlos miteinander zu verbinden und Spielern ein reibungsloses Spielerlebnis zu erm\u00f6glichen. Mit diesem Plugin k\u00f6nnen Serveradministratoren problemlos mehrere Lobbyserver verbinden, um eine bessere Lastverteilung und Spielerfahrung zu gew\u00e4hrleisten. Spieler k\u00f6nnen zwischen den verschiedenen Lobbys nahtlos wechseln, indem sie einen Befehl verwenden oder \u00fcber unser LobbySystem ein Item benutzen, welches den Befehl ausf\u00fchrt.<\/p>\n<\/div>\n\n<div id=\"cmsmasters_divider_pbw7e27jx\" class=\"cmsmasters_divider cmsmasters_divider_width_long cmsmasters_divider_pos_center\"><\/div>\n<div id=\"cmsmasters_heading_nf2p4xbh5w\" class=\"cmsmasters_heading_wrap cmsmasters_heading_align_left\">\n\t<h4 class=\"cmsmasters_heading\">\u00dcbersichtliche Benutzeroberfl\u00e4che<\/h4>\n<\/div><div class=\"cmsmasters_text\">\n<p>Durch eine ordentliche Benutzeroberfl\u00e4che werden deine Spieler es einfach haben, die Lobbys zu wechseln. Au\u00dferdem sind alle Items, die auf den Produktbildern sichtbar sind, einstellbar. \u00dcberzeuge dich selbst, indem du auf unserem Test-Server vorbeischaust! (mc.plugin-store.de)<\/p>\n<\/div>\n\n<div id=\"cmsmasters_divider_r8sj32s6n\" class=\"cmsmasters_divider cmsmasters_divider_width_long cmsmasters_divider_pos_center\"><\/div>\n<div id=\"cmsmasters_heading_pteuj6bahv\" class=\"cmsmasters_heading_wrap cmsmasters_heading_align_left\">\n\t<h4 class=\"cmsmasters_heading\">Config &amp; weitere Features<\/h4>\n<\/div><div class=\"cmsmasters_text\">\n<p>\u00b7 In der Config k\u00f6nnen fast\u00a0<strong>alle Nachrichten und Items<\/strong> ge\u00e4ndert werden.<br \/>\n\u00b7 Dieses Plugin ist nur mit CloudNet v3 kompatibel. Andere Cloud-Systeme werden nicht unterst\u00fctzt.<br \/>\n\u00b7 Alternativ kann das Plugin ohne Cloud-System genutzt werden.<\/p>\n<\/div>\n\n<div id=\"cmsmasters_divider_mx8m1wp0n\" class=\"cmsmasters_divider cmsmasters_divider_width_long cmsmasters_divider_pos_center\"><\/div>\n<div id=\"cmsmasters_heading_5j995owyg\" class=\"cmsmasters_heading_wrap cmsmasters_heading_align_left\">\n\t<h4 class=\"cmsmasters_heading\">Sonstige Informationen<\/h4>\n<\/div><div class=\"cmsmasters_text\">\n<p>\u00b7 Beachte, dass du pro Produkt jeweils <strong>zwei kostenlose Resets pro Monat<\/strong> hast.<br \/>\n\u00b7 Lese dir vor dem Kauf ausf\u00fchrlich unsere <strong>allgemeinen Gesch\u00e4ftsbedingungen f\u00fcr Software-Produkte<\/strong> durch.<br \/>\n\u00b7 Da es in der Vergangenheit sehr viele illegale Verbreitungen unserer Plugins gab, ist in dem Plugin ein Lizenz-System integriert.<br \/>\n\u00b7 Man erh\u00e4lt nach dem Kauf eine Lizenz, die bei der ersten Aktivierung auf die Server-IP registriert wird.<br \/>\n\u00b7 Achte vor dem Kauf auf die Kompatibilit\u00e4t.<br \/>\n\u00b7 Das auf einigen Bildern zu sehende <a href=\"https:\/\/www.plugin-store.de\/index.php\/produkt\/lobbysystem\/\">LobbySystem<\/a> ist nicht beim Kauf enthalten.<\/p>\n<\/div>\n\n<div id=\"cmsmasters_divider_njmdlv7dwj\" class=\"cmsmasters_divider cmsmasters_divider_width_long cmsmasters_divider_pos_center\"><\/div>\n<div id=\"cmsmasters_heading_6txi52mmc\" class=\"cmsmasters_heading_wrap cmsmasters_heading_align_left\">\n\t<h4 class=\"cmsmasters_heading\">Supportm\u00f6glichkeiten<\/h4>\n<\/div><div class=\"cmsmasters_text\">\n<p>Ticket erstellen:\u00a0<a href=\"https:\/\/support.plugin-store.de\/\">support.plugin-store.de<\/a><br \/>\nCommunity-Discord: <a href=\"https:\/\/dc.plugin-store.de\/\">https:\/\/dc.plugin-store.de\/<\/a><\/p>\n<\/div>\n\n<div id=\"cmsmasters_divider_a5h9yz886o\" class=\"cmsmasters_divider cmsmasters_divider_width_long cmsmasters_divider_pos_center\"><\/div>\n<div class=\"cmsmasters_text\">\n<p>Es handelt sich hierbei um eine Software \/ ein Lizenz-Produkt. Es gelten die <a href=\"https:\/\/www.plugin-store.de\/index.php\/agb-software\/\">allgemeinen Gesch\u00e4ftsbedingungen f\u00fcr Software-Produkte<\/a>.<\/p>\n<p>&lt;a href=&#8220;https:\/\/www.flaticon.com\/de\/kostenlose-icons\/switcher&#8220; title=&#8220;switcher Icons&#8220;&gt;Switcher Icon erstellt von Smashicons &#8211; Flaticon&lt;\/a&gt;<\/p>\n<\/div>\n\n<div id=\"cmsmasters_divider_yg2yujgyx8\" class=\"cmsmasters_divider cmsmasters_divider_width_long cmsmasters_divider_pos_center\"><\/div>\n<\/div><\/div>\n<\/div>\n<\/div>\n<\/div>\n<\/div>\n<\/div>\n<div id=\"cmsmasters_row_\" class=\"cmsmasters_row cmsmasters_color_scheme_default cmsmasters_row_top_default cmsmasters_row_bot_default cmsmasters_row_boxed\">\n<div class=\"cmsmasters_row_outer_parent\">\n<div class=\"cmsmasters_row_outer\">\n<div class=\"cmsmasters_row_inner\">\n<div class=\"cmsmasters_row_margin\">\n<div id=\"cmsmasters_column_\" class=\"cmsmasters_column one_first\">\n<div class=\"cmsmasters_column_inner\"><div class=\"cmsmasters_text\">\n<p>&nbsp;<\/p>\n<\/div>\n<\/div><\/div>\n<\/div>\n<\/div>\n<\/div>\n<\/div>\n<\/div>\n\n","protected":false},"excerpt":{"rendered":"<p>Das LobbySwitcher Plugin bietet eine einfache und effektive M\u00f6glichkeit, verschiedene Lobbyserver nahtlos miteinander zu verbinden und Spielern ein reibungsloses Spielerlebnis zu erm\u00f6glichen. Mit diesem Plugin k\u00f6nnen Serveradministratoren problemlos mehrere Lobbyserver verbinden, um eine bessere Lastverteilung und Spielerfahrung zu gew\u00e4hrleisten. Spieler k\u00f6nnen zwischen den verschiedenen Lobbys nahtlos wechseln, indem sie einen Befehl verwenden oder \u00fcber unser LobbySystem ein Item benutzen, welches den Befehl ausf\u00fchrt.<\/p>\n<p>Letztes Update: RELEASE<br \/>\nTest-Server: mc.plugin-store.de<\/p>\n","protected":false},"featured_media":25347,"comment_status":"open","ping_status":"closed","template":"","meta":[],"product_brand":[],"product_cat":[324,85,134,84,321],"product_tag":[],"class_list":{"0":"post-25321","1":"product","2":"type-product","3":"status-publish","4":"has-post-thumbnail","6":"product_cat-spigot-multiversions","7":"product_cat-sale","8":"product_cat-beliebt","9":"product_cat-plugins","10":"product_cat-software","12":"first","13":"instock","14":"sale","15":"downloadable","16":"virtual","17":"purchasable","18":"product-type-simple"},"yoast_head":"<!-- This site is optimized with the Yoast SEO plugin v26.7 - https:\/\/yoast.com\/wordpress\/plugins\/seo\/ -->\n<title>LobbySwitcher f\u00fcr Spigot 1.16.5 - 1.20.2 | Plugin-Store.de<\/title>\n<meta name=\"description\" content=\"Das Plugin bietet eine einfache M\u00f6glichkeit, verschiedene Lobbys miteinander zu verbinden und Spielern ein reibungsloses Spielerlebnis zu erm\u00f6glichen.\" \/>\n<meta name=\"robots\" content=\"index, follow, max-snippet:-1, max-image-preview:large, max-video-preview:-1\" \/>\n<link rel=\"canonical\" href=\"https:\/\/www.plugin-store.de\/index.php\/produkt\/lobbyswitcher\/\" \/>\n<meta property=\"og:locale\" content=\"de_DE\" \/>\n<meta property=\"og:type\" content=\"article\" \/>\n<meta property=\"og:title\" content=\"LobbySwitcher f\u00fcr Spigot 1.16.5 - 1.20.2 | Plugin-Store.de\" \/>\n<meta property=\"og:description\" content=\"Das Plugin bietet eine einfache M\u00f6glichkeit, verschiedene Lobbys miteinander zu verbinden und Spielern ein reibungsloses Spielerlebnis zu erm\u00f6glichen.\" \/>\n<meta property=\"og:url\" content=\"https:\/\/www.plugin-store.de\/index.php\/produkt\/lobbyswitcher\/\" \/>\n<meta property=\"og:site_name\" content=\"Plugin-Store.de\" \/>\n<meta property=\"article:modified_time\" content=\"2024-05-16T18:34:21+00:00\" \/>\n<meta property=\"og:image\" content=\"https:\/\/www.plugin-store.de\/wp-content\/uploads\/2024\/03\/Produktbild.webp\" \/>\n\t<meta property=\"og:image:width\" content=\"1920\" \/>\n\t<meta property=\"og:image:height\" content=\"1017\" \/>\n\t<meta property=\"og:image:type\" content=\"image\/webp\" \/>\n<meta name=\"twitter:card\" content=\"summary_large_image\" \/>\n<meta name=\"twitter:site\" content=\"@PluginStoreDE\" \/>\n<meta name=\"twitter:label1\" content=\"Gesch\u00e4tzte Lesezeit\" \/>\n\t<meta name=\"twitter:data1\" content=\"3\u00a0Minuten\" \/>\n<script type=\"application\/ld+json\" class=\"yoast-schema-graph\">{\"@context\":\"https:\/\/schema.org\",\"@graph\":[{\"@type\":\"WebPage\",\"@id\":\"https:\/\/www.plugin-store.de\/index.php\/produkt\/lobbyswitcher\/\",\"url\":\"https:\/\/www.plugin-store.de\/index.php\/produkt\/lobbyswitcher\/\",\"name\":\"LobbySwitcher f\u00fcr Spigot 1.16.5 - 1.20.2 | Plugin-Store.de\",\"isPartOf\":{\"@id\":\"https:\/\/www.plugin-store.de\/#website\"},\"primaryImageOfPage\":{\"@id\":\"https:\/\/www.plugin-store.de\/index.php\/produkt\/lobbyswitcher\/#primaryimage\"},\"image\":{\"@id\":\"https:\/\/www.plugin-store.de\/index.php\/produkt\/lobbyswitcher\/#primaryimage\"},\"thumbnailUrl\":\"https:\/\/www.plugin-store.de\/wp-content\/uploads\/2024\/03\/Produktbild.webp\",\"datePublished\":\"2024-03-24T19:06:17+00:00\",\"dateModified\":\"2024-05-16T18:34:21+00:00\",\"description\":\"Das Plugin bietet eine einfache M\u00f6glichkeit, verschiedene Lobbys miteinander zu verbinden und Spielern ein reibungsloses Spielerlebnis zu erm\u00f6glichen.\",\"breadcrumb\":{\"@id\":\"https:\/\/www.plugin-store.de\/index.php\/produkt\/lobbyswitcher\/#breadcrumb\"},\"inLanguage\":\"de\",\"potentialAction\":[{\"@type\":\"ReadAction\",\"target\":[\"https:\/\/www.plugin-store.de\/index.php\/produkt\/lobbyswitcher\/\"]}]},{\"@type\":\"ImageObject\",\"inLanguage\":\"de\",\"@id\":\"https:\/\/www.plugin-store.de\/index.php\/produkt\/lobbyswitcher\/#primaryimage\",\"url\":\"https:\/\/www.plugin-store.de\/wp-content\/uploads\/2024\/03\/Produktbild.webp\",\"contentUrl\":\"https:\/\/www.plugin-store.de\/wp-content\/uploads\/2024\/03\/Produktbild.webp\",\"width\":1920,\"height\":1017},{\"@type\":\"BreadcrumbList\",\"@id\":\"https:\/\/www.plugin-store.de\/index.php\/produkt\/lobbyswitcher\/#breadcrumb\",\"itemListElement\":[{\"@type\":\"ListItem\",\"position\":1,\"name\":\"Startseite\",\"item\":\"https:\/\/www.plugin-store.de\/\"},{\"@type\":\"ListItem\",\"position\":2,\"name\":\"Shop\",\"item\":\"https:\/\/www.plugin-store.de\/index.php\/shop\/\"},{\"@type\":\"ListItem\",\"position\":3,\"name\":\"LobbySwitcher f\u00fcr 1.16.5 &#8211; 1.20.2 | mit sehr vielen Einstellungen\"}]},{\"@type\":\"WebSite\",\"@id\":\"https:\/\/www.plugin-store.de\/#website\",\"url\":\"https:\/\/www.plugin-store.de\/\",\"name\":\"Plugin-Store.de\",\"description\":\"Professionelle Plugins f\u00fcr dein Netzwerk!\",\"publisher\":{\"@id\":\"https:\/\/www.plugin-store.de\/#organization\"},\"potentialAction\":[{\"@type\":\"SearchAction\",\"target\":{\"@type\":\"EntryPoint\",\"urlTemplate\":\"https:\/\/www.plugin-store.de\/?s={search_term_string}\"},\"query-input\":{\"@type\":\"PropertyValueSpecification\",\"valueRequired\":true,\"valueName\":\"search_term_string\"}}],\"inLanguage\":\"de\"},{\"@type\":\"Organization\",\"@id\":\"https:\/\/www.plugin-store.de\/#organization\",\"name\":\"Plugin-Store.de\",\"url\":\"https:\/\/www.plugin-store.de\/\",\"logo\":{\"@type\":\"ImageObject\",\"inLanguage\":\"de\",\"@id\":\"https:\/\/www.plugin-store.de\/#\/schema\/logo\/image\/\",\"url\":\"https:\/\/www.plugin-store.de\/wp-content\/uploads\/2019\/01\/PS-\u2013-2.png\",\"contentUrl\":\"https:\/\/www.plugin-store.de\/wp-content\/uploads\/2019\/01\/PS-\u2013-2.png\",\"width\":900,\"height\":900,\"caption\":\"Plugin-Store.de\"},\"image\":{\"@id\":\"https:\/\/www.plugin-store.de\/#\/schema\/logo\/image\/\"},\"sameAs\":[\"https:\/\/x.com\/PluginStoreDE\",\"http:\/\/xenteceu\"]}]}<\/script>\n<!-- \/ Yoast SEO plugin. -->","yoast_head_json":{"title":"LobbySwitcher f\u00fcr Spigot 1.16.5 - 1.20.2 | Plugin-Store.de","description":"Das Plugin bietet eine einfache M\u00f6glichkeit, verschiedene Lobbys miteinander zu verbinden und Spielern ein reibungsloses Spielerlebnis zu erm\u00f6glichen.","robots":{"index":"index","follow":"follow","max-snippet":"max-snippet:-1","max-image-preview":"max-image-preview:large","max-video-preview":"max-video-preview:-1"},"canonical":"https:\/\/www.plugin-store.de\/index.php\/produkt\/lobbyswitcher\/","og_locale":"de_DE","og_type":"article","og_title":"LobbySwitcher f\u00fcr Spigot 1.16.5 - 1.20.2 | Plugin-Store.de","og_description":"Das Plugin bietet eine einfache M\u00f6glichkeit, verschiedene Lobbys miteinander zu verbinden und Spielern ein reibungsloses Spielerlebnis zu erm\u00f6glichen.","og_url":"https:\/\/www.plugin-store.de\/index.php\/produkt\/lobbyswitcher\/","og_site_name":"Plugin-Store.de","article_modified_time":"2024-05-16T18:34:21+00:00","og_image":[{"width":1920,"height":1017,"url":"https:\/\/www.plugin-store.de\/wp-content\/uploads\/2024\/03\/Produktbild.webp","type":"image\/webp"}],"twitter_card":"summary_large_image","twitter_site":"@PluginStoreDE","twitter_misc":{"Gesch\u00e4tzte Lesezeit":"3\u00a0Minuten"},"schema":{"@context":"https:\/\/schema.org","@graph":[{"@type":"WebPage","@id":"https:\/\/www.plugin-store.de\/index.php\/produkt\/lobbyswitcher\/","url":"https:\/\/www.plugin-store.de\/index.php\/produkt\/lobbyswitcher\/","name":"LobbySwitcher f\u00fcr Spigot 1.16.5 - 1.20.2 | Plugin-Store.de","isPartOf":{"@id":"https:\/\/www.plugin-store.de\/#website"},"primaryImageOfPage":{"@id":"https:\/\/www.plugin-store.de\/index.php\/produkt\/lobbyswitcher\/#primaryimage"},"image":{"@id":"https:\/\/www.plugin-store.de\/index.php\/produkt\/lobbyswitcher\/#primaryimage"},"thumbnailUrl":"https:\/\/www.plugin-store.de\/wp-content\/uploads\/2024\/03\/Produktbild.webp","datePublished":"2024-03-24T19:06:17+00:00","dateModified":"2024-05-16T18:34:21+00:00","description":"Das Plugin bietet eine einfache M\u00f6glichkeit, verschiedene Lobbys miteinander zu verbinden und Spielern ein reibungsloses Spielerlebnis zu erm\u00f6glichen.","breadcrumb":{"@id":"https:\/\/www.plugin-store.de\/index.php\/produkt\/lobbyswitcher\/#breadcrumb"},"inLanguage":"de","potentialAction":[{"@type":"ReadAction","target":["https:\/\/www.plugin-store.de\/index.php\/produkt\/lobbyswitcher\/"]}]},{"@type":"ImageObject","inLanguage":"de","@id":"https:\/\/www.plugin-store.de\/index.php\/produkt\/lobbyswitcher\/#primaryimage","url":"https:\/\/www.plugin-store.de\/wp-content\/uploads\/2024\/03\/Produktbild.webp","contentUrl":"https:\/\/www.plugin-store.de\/wp-content\/uploads\/2024\/03\/Produktbild.webp","width":1920,"height":1017},{"@type":"BreadcrumbList","@id":"https:\/\/www.plugin-store.de\/index.php\/produkt\/lobbyswitcher\/#breadcrumb","itemListElement":[{"@type":"ListItem","position":1,"name":"Startseite","item":"https:\/\/www.plugin-store.de\/"},{"@type":"ListItem","position":2,"name":"Shop","item":"https:\/\/www.plugin-store.de\/index.php\/shop\/"},{"@type":"ListItem","position":3,"name":"LobbySwitcher f\u00fcr 1.16.5 &#8211; 1.20.2 | mit sehr vielen Einstellungen"}]},{"@type":"WebSite","@id":"https:\/\/www.plugin-store.de\/#website","url":"https:\/\/www.plugin-store.de\/","name":"Plugin-Store.de","description":"Professionelle Plugins f\u00fcr dein Netzwerk!","publisher":{"@id":"https:\/\/www.plugin-store.de\/#organization"},"potentialAction":[{"@type":"SearchAction","target":{"@type":"EntryPoint","urlTemplate":"https:\/\/www.plugin-store.de\/?s={search_term_string}"},"query-input":{"@type":"PropertyValueSpecification","valueRequired":true,"valueName":"search_term_string"}}],"inLanguage":"de"},{"@type":"Organization","@id":"https:\/\/www.plugin-store.de\/#organization","name":"Plugin-Store.de","url":"https:\/\/www.plugin-store.de\/","logo":{"@type":"ImageObject","inLanguage":"de","@id":"https:\/\/www.plugin-store.de\/#\/schema\/logo\/image\/","url":"https:\/\/www.plugin-store.de\/wp-content\/uploads\/2019\/01\/PS-\u2013-2.png","contentUrl":"https:\/\/www.plugin-store.de\/wp-content\/uploads\/2019\/01\/PS-\u2013-2.png","width":900,"height":900,"caption":"Plugin-Store.de"},"image":{"@id":"https:\/\/www.plugin-store.de\/#\/schema\/logo\/image\/"},"sameAs":["https:\/\/x.com\/PluginStoreDE","http:\/\/xenteceu"]}]}},"_links":{"self":[{"href":"https:\/\/www.plugin-store.de\/index.php\/wp-json\/wp\/v2\/product\/25321","targetHints":{"allow":["GET"]}}],"collection":[{"href":"https:\/\/www.plugin-store.de\/index.php\/wp-json\/wp\/v2\/product"}],"about":[{"href":"https:\/\/www.plugin-store.de\/index.php\/wp-json\/wp\/v2\/types\/product"}],"replies":[{"embeddable":true,"href":"https:\/\/www.plugin-store.de\/index.php\/wp-json\/wp\/v2\/comments?post=25321"}],"wp:featuredmedia":[{"embeddable":true,"href":"https:\/\/www.plugin-store.de\/index.php\/wp-json\/wp\/v2\/media\/25347"}],"wp:attachment":[{"href":"https:\/\/www.plugin-store.de\/index.php\/wp-json\/wp\/v2\/media?parent=25321"}],"wp:term":[{"taxonomy":"product_brand","embeddable":true,"href":"https:\/\/www.plugin-store.de\/index.php\/wp-json\/wp\/v2\/product_brand?post=25321"},{"taxonomy":"product_cat","embeddable":true,"href":"https:\/\/www.plugin-store.de\/index.php\/wp-json\/wp\/v2\/product_cat?post=25321"},{"taxonomy":"product_tag","embeddable":true,"href":"https:\/\/www.plugin-store.de\/index.php\/wp-json\/wp\/v2\/product_tag?post=25321"}],"curies":[{"name":"wp","href":"https:\/\/api.w.org\/{rel}","templated":true}]}}